{"id":2011,"date":"2022-04-21T10:17:21","date_gmt":"2022-04-21T10:17:21","guid":{"rendered":"https:\/\/wpdemo.archiwp.com\/ronmi\/?page_id=2011"},"modified":"2024-09-10T00:55:52","modified_gmt":"2024-09-10T00:55:52","slug":"iletisim","status":"publish","type":"page","link":"https:\/\/portmedglobal.com\/en\/iletisim\/","title":{"rendered":"CONTACT US"},"content":{"rendered":"\t\t<div data-elementor-type=\"wp-page\" data-elementor-id=\"2011\" class=\"elementor elementor-2011\">\n\t\t\t\t\t\t<section class=\"elementor-section elementor-top-section elementor-element elementor-element-9a90b2f elementor-section-boxed elementor-section-height-default elementor-section-height-default\" data-id=\"9a90b2f\" data-element_type=\"section\" data-e-type=\"section\">\n\t\t\t\t\t\t<div class=\"elementor-container elementor-column-gap-no\">\n\t\t\t\t\t<div class=\"elementor-column elementor-col-100 elementor-top-column elementor-element elementor-element-4300c0e\" data-id=\"4300c0e\" data-element_type=\"column\" data-e-type=\"column\">\n\t\t\t<div class=\"elementor-widget-wrap elementor-element-populated\">\n\t\t\t\t\t\t<div class=\"elementor-element elementor-element-9926269 elementor-widget elementor-widget-ot-heading\" data-id=\"9926269\" data-element_type=\"widget\" data-e-type=\"widget\" data-widget_type=\"ot-heading.default\">\n\t\t\t\t<div class=\"elementor-widget-container\">\n\t\t\t\t\t\t\t<div class=\"ot-heading\">\r\n\t        <span class=\"ot-heading__sub\">\u0130LET\u0130\u015e\u0130M<\/span>\t        <h2 class=\"ot-heading__title\">ADRES\u0130M\u0130Z<\/h2>\t    <\/div>\r\n\t    \t\t\t\t<\/div>\n\t\t\t\t<\/div>\n\t\t\t\t<section class=\"elementor-section elementor-inner-section elementor-element elementor-element-d4c8af6 elementor-section-boxed elementor-section-height-default elementor-section-height-default\" data-id=\"d4c8af6\" data-element_type=\"section\" data-e-type=\"section\">\n\t\t\t\t\t\t<div class=\"elementor-container elementor-column-gap-extended\">\n\t\t\t\t\t<div class=\"elementor-column elementor-col-33 elementor-inner-column elementor-element elementor-element-700411f\" data-id=\"700411f\" data-element_type=\"column\" data-e-type=\"column\">\n\t\t\t<div class=\"elementor-widget-wrap\">\n\t\t\t\t\t\t\t<\/div>\n\t\t<\/div>\n\t\t\t\t<div class=\"elementor-column elementor-col-33 elementor-inner-column elementor-element elementor-element-27d8bbc\" data-id=\"27d8bbc\" data-element_type=\"column\" data-e-type=\"column\">\n\t\t\t<div class=\"elementor-widget-wrap elementor-element-populated\">\n\t\t\t\t\t\t<div class=\"elementor-element elementor-element-4e9e86b elementor-widget elementor-widget-text-editor\" data-id=\"4e9e86b\" data-element_type=\"widget\" data-e-type=\"widget\" data-widget_type=\"text-editor.default\">\n\t\t\t\t<div class=\"elementor-widget-container\">\n\t\t\t\t\t\t\t\t\t<p>Bize 7\/24 ula\u015fabilirsiniz. mail g\u00f6nderebilirsiniz veya arayabilirsiniz.<\/p>\t\t\t\t\t\t\t\t<\/div>\n\t\t\t\t<\/div>\n\t\t\t\t\t<\/div>\n\t\t<\/div>\n\t\t\t\t<div class=\"elementor-column elementor-col-33 elementor-inner-column elementor-element elementor-element-759911a\" data-id=\"759911a\" data-element_type=\"column\" data-e-type=\"column\">\n\t\t\t<div class=\"elementor-widget-wrap\">\n\t\t\t\t\t\t\t<\/div>\n\t\t<\/div>\n\t\t\t\t\t<\/div>\n\t\t<\/section>\n\t\t\t\t<section class=\"elementor-section elementor-inner-section elementor-element elementor-element-101d5c4 elementor-section-boxed elementor-section-height-default elementor-section-height-default\" data-id=\"101d5c4\" data-element_type=\"section\" data-e-type=\"section\">\n\t\t\t\t\t\t<div class=\"elementor-container elementor-column-gap-extended\">\n\t\t\t\t\t<div class=\"elementor-column elementor-col-25 elementor-inner-column elementor-element elementor-element-aebdbad\" data-id=\"aebdbad\" data-element_type=\"column\" data-e-type=\"column\">\n\t\t\t<div class=\"elementor-widget-wrap elementor-element-populated\">\n\t\t\t\t\t\t<div class=\"elementor-element elementor-element-adfe7f2 ot-view-default elementor-widget elementor-widget-ot-icon-list\" data-id=\"adfe7f2\" data-element_type=\"widget\" data-e-type=\"widget\" data-widget_type=\"ot-icon-list.default\">\n\t\t\t\t<div class=\"elementor-widget-container\">\n\t\t\t\t\t\t        <div class=\"ot-icon-list-wrapper\">\r\n\t        \t<ul class=\"unstyle ot-icon-list-items \">\r\n\t        \t\t\t        \t\t\t<li class=\"ot-icon-list-item \">\r\n\t        \t\t\t\t\r\n\t\t\t\t\t\t\t<span class=\"ot-icon-list-icon\">\r\n\t\t\t\t\t\t\t\t<svg xmlns=\"http:\/\/www.w3.org\/2000\/svg\" xmlns:xlink=\"http:\/\/www.w3.org\/1999\/xlink\" id=\"Capa_1\" x=\"0px\" y=\"0px\" viewBox=\"0 0 482.6 482.6\" style=\"enable-background:new 0 0 482.6 482.6;\" xml:space=\"preserve\"><g>\t<path d=\"M98.339,320.8c47.6,56.9,104.9,101.7,170.3,133.4c24.9,11.8,58.2,25.8,95.3,28.2c2.3,0.1,4.5,0.2,6.8,0.2  c24.9,0,44.9-8.6,61.2-26.3c0.1-0.1,0.3-0.3,0.4-0.5c5.8-7,12.4-13.3,19.3-20c4.7-4.5,9.5-9.2,14.1-14  c21.3-22.2,21.3-50.4-0.2-71.9l-60.1-60.1c-10.2-10.6-22.4-16.2-35.2-16.2c-12.8,0-25.1,5.6-35.6,16.1l-35.8,35.8  c-3.3-1.9-6.7-3.6-9.9-5.2c-4-2-7.7-3.9-11-6c-32.6-20.7-62.2-47.7-90.5-82.4c-14.3-18.1-23.9-33.3-30.6-48.8  c9.4-8.5,18.2-17.4,26.7-26.1c3-3.1,6.1-6.2,9.2-9.3c10.8-10.8,16.6-23.3,16.6-36s-5.7-25.2-16.6-36l-29.8-29.8  c-3.5-3.5-6.8-6.9-10.2-10.4c-6.6-6.8-13.5-13.8-20.3-20.1c-10.3-10.1-22.4-15.4-35.2-15.4c-12.7,0-24.9,5.3-35.6,15.5l-37.4,37.4  c-13.6,13.6-21.3,30.1-22.9,49.2c-1.9,23.9,2.5,49.3,13.9,80C32.739,229.6,59.139,273.7,98.339,320.8z M25.739,104.2  c1.2-13.3,6.3-24.4,15.9-34l37.2-37.2c5.8-5.6,12.2-8.5,18.4-8.5c6.1,0,12.3,2.9,18,8.7c6.7,6.2,13,12.7,19.8,19.6  c3.4,3.5,6.9,7,10.4,10.6l29.8,29.8c6.2,6.2,9.4,12.5,9.4,18.7s-3.2,12.5-9.4,18.7c-3.1,3.1-6.2,6.3-9.3,9.4  c-9.3,9.4-18,18.3-27.6,26.8c-0.2,0.2-0.3,0.3-0.5,0.5c-8.3,8.3-7,16.2-5,22.2c0.1,0.3,0.2,0.5,0.3,0.8  c7.7,18.5,18.4,36.1,35.1,57.1c30,37,61.6,65.7,96.4,87.8c4.3,2.8,8.9,5,13.2,7.2c4,2,7.7,3.9,11,6c0.4,0.2,0.7,0.4,1.1,0.6  c3.3,1.7,6.5,2.5,9.7,2.5c8,0,13.2-5.1,14.9-6.8l37.4-37.4c5.8-5.8,12.1-8.9,18.3-8.9c7.6,0,13.8,4.7,17.7,8.9l60.3,60.2  c12,12,11.9,25-0.3,37.7c-4.2,4.5-8.6,8.8-13.3,13.3c-7,6.8-14.3,13.8-20.9,21.7c-11.5,12.4-25.2,18.2-42.9,18.2  c-1.7,0-3.5-0.1-5.2-0.2c-32.8-2.1-63.3-14.9-86.2-25.8c-62.2-30.1-116.8-72.8-162.1-127c-37.3-44.9-62.4-86.7-79-131.5  C28.039,146.4,24.139,124.3,25.739,104.2z\"><\/path><\/g><g><\/g><g><\/g><g><\/g><g><\/g><g><\/g><g><\/g><g><\/g><g><\/g><g><\/g><g><\/g><g><\/g><g><\/g><g><\/g><g><\/g><g><\/g><\/svg>\t\t\t\t\t\t\t<\/span>\r\n\t\t\t\t\t\t\t\t\t\t\t\t\t\t<span class=\"ot-icon-list-text \">Telefon:<\/span>\r\n\t\t\t\t\t\t\t\t        \t\t\t<\/li>\r\n\t        \t\t\t        \t<\/ul>\r\n\t        <\/div>\r\n\t    \t\t\t\t<\/div>\n\t\t\t\t<\/div>\n\t\t\t\t<div class=\"elementor-element elementor-element-bc6a1b5 ot-view-default elementor-widget elementor-widget-ot-icon-list\" data-id=\"bc6a1b5\" data-element_type=\"widget\" data-e-type=\"widget\" data-widget_type=\"ot-icon-list.default\">\n\t\t\t\t<div class=\"elementor-widget-container\">\n\t\t\t\t\t\t        <div class=\"ot-icon-list-wrapper\">\r\n\t        \t<ul class=\"unstyle ot-icon-list-items \">\r\n\t        \t\t\t        \t\t\t<li class=\"ot-icon-list-item \">\r\n\t        \t\t\t\t\t\t\t\t\t\t\t<span class=\"ot-icon-list-text \">+90 850 309 07 21<\/span>\r\n\t\t\t\t\t\t\t\t        \t\t\t<\/li>\r\n\t        \t\t\t        \t<\/ul>\r\n\t        <\/div>\r\n\t    \t\t\t\t<\/div>\n\t\t\t\t<\/div>\n\t\t\t\t\t<\/div>\n\t\t<\/div>\n\t\t\t\t<div class=\"elementor-column elementor-col-25 elementor-inner-column elementor-element elementor-element-b87b3bb\" data-id=\"b87b3bb\" data-element_type=\"column\" data-e-type=\"column\">\n\t\t\t<div class=\"elementor-widget-wrap elementor-element-populated\">\n\t\t\t\t\t\t<div class=\"elementor-element elementor-element-682273e ot-view-default elementor-widget elementor-widget-ot-icon-list\" data-id=\"682273e\" data-element_type=\"widget\" data-e-type=\"widget\" data-widget_type=\"ot-icon-list.default\">\n\t\t\t\t<div class=\"elementor-widget-container\">\n\t\t\t\t\t\t        <div class=\"ot-icon-list-wrapper\">\r\n\t        \t<ul class=\"unstyle ot-icon-list-items \">\r\n\t        \t\t\t        \t\t\t<li class=\"ot-icon-list-item \">\r\n\t        \t\t\t\t\r\n\t\t\t\t\t\t\t<span class=\"ot-icon-list-icon\">\r\n\t\t\t\t\t\t\t\t<svg xmlns=\"http:\/\/www.w3.org\/2000\/svg\" xmlns:xlink=\"http:\/\/www.w3.org\/1999\/xlink\" id=\"Capa_1\" x=\"0px\" y=\"0px\" viewBox=\"0 0 512 512\" style=\"enable-background:new 0 0 512 512;\" xml:space=\"preserve\"><g>\t<g>\t\t<path d=\"M256,0C156.748,0,76,80.748,76,180c0,33.534,9.289,66.26,26.869,94.652l142.885,230.257   c2.737,4.411,7.559,7.091,12.745,7.091c0.04,0,0.079,0,0.119,0c5.231-0.041,10.063-2.804,12.75-7.292L410.611,272.22   C427.221,244.428,436,212.539,436,180C436,80.748,355.252,0,256,0z M384.866,256.818L258.272,468.186l-129.905-209.34   C113.734,235.214,105.8,207.95,105.8,180c0-82.71,67.49-150.2,150.2-150.2S406.1,97.29,406.1,180   C406.1,207.121,398.689,233.688,384.866,256.818z\"><\/path>\t<\/g><\/g><g>\t<g>\t\t<path d=\"M256,90c-49.626,0-90,40.374-90,90c0,49.309,39.717,90,90,90c50.903,0,90-41.233,90-90C346,130.374,305.626,90,256,90z    M256,240.2c-33.257,0-60.2-27.033-60.2-60.2c0-33.084,27.116-60.2,60.2-60.2s60.1,27.116,60.1,60.2   C316.1,212.683,289.784,240.2,256,240.2z\"><\/path>\t<\/g><\/g><g><\/g><g><\/g><g><\/g><g><\/g><g><\/g><g><\/g><g><\/g><g><\/g><g><\/g><g><\/g><g><\/g><g><\/g><g><\/g><g><\/g><g><\/g><\/svg>\t\t\t\t\t\t\t<\/span>\r\n\t\t\t\t\t\t\t\t\t\t\t\t\t\t<span class=\"ot-icon-list-text \">Adres:<\/span>\r\n\t\t\t\t\t\t\t\t        \t\t\t<\/li>\r\n\t        \t\t\t        \t<\/ul>\r\n\t        <\/div>\r\n\t    \t\t\t\t<\/div>\n\t\t\t\t<\/div>\n\t\t\t\t<div class=\"elementor-element elementor-element-fff054e elementor-widget elementor-widget-text-editor\" data-id=\"fff054e\" data-element_type=\"widget\" data-e-type=\"widget\" data-widget_type=\"text-editor.default\">\n\t\t\t\t<div class=\"elementor-widget-container\">\n\t\t\t\t\t\t\t\t\t<p>Ziya G\u00f6kalp Mah. S\u00fcleyman Demirel Bul. The Office No:7E \u0130\u00e7 Kap\u0131 No. 136 Ba\u015fak\u015fehir\/ \u0130stanbul<\/p>\t\t\t\t\t\t\t\t<\/div>\n\t\t\t\t<\/div>\n\t\t\t\t\t<\/div>\n\t\t<\/div>\n\t\t\t\t<div class=\"elementor-column elementor-col-25 elementor-inner-column elementor-element elementor-element-0f6145c\" data-id=\"0f6145c\" data-element_type=\"column\" data-e-type=\"column\">\n\t\t\t<div class=\"elementor-widget-wrap elementor-element-populated\">\n\t\t\t\t\t\t<div class=\"elementor-element elementor-element-4c89367 ot-view-default elementor-widget elementor-widget-ot-icon-list\" data-id=\"4c89367\" data-element_type=\"widget\" data-e-type=\"widget\" data-widget_type=\"ot-icon-list.default\">\n\t\t\t\t<div class=\"elementor-widget-container\">\n\t\t\t\t\t\t        <div class=\"ot-icon-list-wrapper\">\r\n\t        \t<ul class=\"unstyle ot-icon-list-items \">\r\n\t        \t\t\t        \t\t\t<li class=\"ot-icon-list-item \">\r\n\t        \t\t\t\t\r\n\t\t\t\t\t\t\t<span class=\"ot-icon-list-icon\">\r\n\t\t\t\t\t\t\t\t<svg xmlns=\"http:\/\/www.w3.org\/2000\/svg\" id=\"Capa_1\" height=\"512\" viewBox=\"0 0 479.058 479.058\" width=\"512\"><path d=\"m434.146 59.882h-389.234c-24.766 0-44.912 20.146-44.912 44.912v269.47c0 24.766 20.146 44.912 44.912 44.912h389.234c24.766 0 44.912-20.146 44.912-44.912v-269.47c0-24.766-20.146-44.912-44.912-44.912zm0 29.941c2.034 0 3.969.422 5.738 1.159l-200.355 173.649-200.356-173.649c1.769-.736 3.704-1.159 5.738-1.159zm0 299.411h-389.234c-8.26 0-14.971-6.71-14.971-14.971v-251.648l199.778 173.141c2.822 2.441 6.316 3.655 9.81 3.655s6.988-1.213 9.81-3.655l199.778-173.141v251.649c-.001 8.26-6.711 14.97-14.971 14.97z\"><\/path><\/svg>\t\t\t\t\t\t\t<\/span>\r\n\t\t\t\t\t\t\t\t\t\t\t\t\t\t<span class=\"ot-icon-list-text \">Email:<\/span>\r\n\t\t\t\t\t\t\t\t        \t\t\t<\/li>\r\n\t        \t\t\t        \t<\/ul>\r\n\t        <\/div>\r\n\t    \t\t\t\t<\/div>\n\t\t\t\t<\/div>\n\t\t\t\t<div class=\"elementor-element elementor-element-e45b2dc ot-view-default elementor-widget elementor-widget-ot-icon-list\" data-id=\"e45b2dc\" data-element_type=\"widget\" data-e-type=\"widget\" data-widget_type=\"ot-icon-list.default\">\n\t\t\t\t<div class=\"elementor-widget-container\">\n\t\t\t\t\t\t        <div class=\"ot-icon-list-wrapper\">\r\n\t        \t<ul class=\"unstyle ot-icon-list-items \">\r\n\t        \t\t\t        \t\t\t<li class=\"ot-icon-list-item \">\r\n\t        \t\t\t\t<a href=\"\">\t\t\t\t\t\t\t<span class=\"ot-icon-list-text title-link\">hello@portmedglobal.com<\/span>\r\n\t\t\t\t\t\t\t\t\t\t\t\t\t\t\t<\/a>\r\n\t\t\t\t\t\t\t\t        \t\t\t<\/li>\r\n\t        \t\t\t        \t<\/ul>\r\n\t        <\/div>\r\n\t    \t\t\t\t<\/div>\n\t\t\t\t<\/div>\n\t\t\t\t\t<\/div>\n\t\t<\/div>\n\t\t\t\t<div class=\"elementor-column elementor-col-25 elementor-inner-column elementor-element elementor-element-9326fa5\" data-id=\"9326fa5\" data-element_type=\"column\" data-e-type=\"column\">\n\t\t\t<div class=\"elementor-widget-wrap elementor-element-populated\">\n\t\t\t\t\t\t<div class=\"elementor-element elementor-element-fecc921 ot-view-default elementor-widget elementor-widget-ot-icon-list\" data-id=\"fecc921\" data-element_type=\"widget\" data-e-type=\"widget\" data-widget_type=\"ot-icon-list.default\">\n\t\t\t\t<div class=\"elementor-widget-container\">\n\t\t\t\t\t\t        <div class=\"ot-icon-list-wrapper\">\r\n\t        \t<ul class=\"unstyle ot-icon-list-items \">\r\n\t        \t\t\t        \t\t\t<li class=\"ot-icon-list-item \">\r\n\t        \t\t\t\t\r\n\t\t\t\t\t\t\t<span class=\"ot-icon-list-icon\">\r\n\t\t\t\t\t\t\t\t\t\t\t\t\t\t\t<\/span>\r\n\t\t\t\t\t\t\t\t\t\t\t\t\t\t<span class=\"ot-icon-list-text \">\u00c7al\u0131\u015fma Saatleri:<\/span>\r\n\t\t\t\t\t\t\t\t        \t\t\t<\/li>\r\n\t        \t\t\t        \t<\/ul>\r\n\t        <\/div>\r\n\t    \t\t\t\t<\/div>\n\t\t\t\t<\/div>\n\t\t\t\t<div class=\"elementor-element elementor-element-7537d0b elementor-widget elementor-widget-text-editor\" data-id=\"7537d0b\" data-element_type=\"widget\" data-e-type=\"widget\" data-widget_type=\"text-editor.default\">\n\t\t\t\t<div class=\"elementor-widget-container\">\n\t\t\t\t\t\t\t\t\t<p>Monday-Friday: 8am \u2013 6pm Saturday-Sunday: 8am \u2013 2pm Holidays: closed<\/p>\t\t\t\t\t\t\t\t<\/div>\n\t\t\t\t<\/div>\n\t\t\t\t\t<\/div>\n\t\t<\/div>\n\t\t\t\t\t<\/div>\n\t\t<\/section>\n\t\t\t\t\t<\/div>\n\t\t<\/div>\n\t\t\t\t\t<\/div>\n\t\t<\/section>\n\t\t\t\t<section class=\"elementor-section elementor-top-section elementor-element elementor-element-3c895d6 elementor-section-boxed elementor-section-height-default elementor-section-height-default elementor-invisible\" data-id=\"3c895d6\" data-element_type=\"section\" data-e-type=\"section\" data-settings=\"{&quot;animation&quot;:&quot;slideInLeft&quot;}\">\n\t\t\t\t\t\t\t<div class=\"elementor-background-overlay\"><\/div>\n\t\t\t\t\t\t\t<div class=\"elementor-container elementor-column-gap-extended\">\n\t\t\t\t\t<div class=\"elementor-column elementor-col-100 elementor-top-column elementor-element elementor-element-8cc63d7\" data-id=\"8cc63d7\" data-element_type=\"column\" data-e-type=\"column\" data-settings=\"{&quot;background_background&quot;:&quot;classic&quot;}\">\n\t\t\t<div class=\"elementor-widget-wrap elementor-element-populated\">\n\t\t\t\t\t\t<div class=\"elementor-element elementor-element-3c6fb08 elementor-widget elementor-widget-ot-heading\" data-id=\"3c6fb08\" data-element_type=\"widget\" data-e-type=\"widget\" data-widget_type=\"ot-heading.default\">\n\t\t\t\t<div class=\"elementor-widget-container\">\n\t\t\t\t\t\t\t<div class=\"ot-heading\">\r\n\t        <span class=\"ot-heading__sub\">Mail ALANI<\/span>\t        <h2 class=\"ot-heading__title\">\u0130steklerinizi \u0130letiniz<\/h2>\t    <\/div>\r\n\t    \t\t\t\t<\/div>\n\t\t\t\t<\/div>\n\t\t\t\t<div class=\"elementor-element elementor-element-747b546 elementor-widget elementor-widget-wpforms\" data-id=\"747b546\" data-element_type=\"widget\" data-e-type=\"widget\" data-widget_type=\"wpforms.default\">\n\t\t\t\t<div class=\"elementor-widget-container\">\n\t\t\t\t\t<div class=\"wpforms-container \" id=\"wpforms-8530\"><form id=\"wpforms-form-8530\" class=\"wpforms-validate wpforms-form wpforms-ajax-form\" data-formid=\"8530\" method=\"post\" enctype=\"multipart\/form-data\" action=\"\/en\/wp-json\/wp\/v2\/pages\/2011\" data-token=\"7e6584b3dedabec237ba7643a055bd29\" data-token-time=\"1777662461\"><noscript class=\"wpforms-error-noscript\">Please enable JavaScript in your browser to complete this form.<\/noscript><div class=\"wpforms-field-container\"><div id=\"wpforms-8530-field_4-container\" class=\"wpforms-field wpforms-field-text\" data-field-id=\"4\"><label class=\"wpforms-field-label\" for=\"wpforms-8530-field_4\">Ad Soyad <span class=\"wpforms-required-label\">*<\/span><\/label><input type=\"text\" id=\"wpforms-8530-field_4\" class=\"wpforms-field-medium wpforms-field-required\" name=\"wpforms[fields][4]\" required><\/div><div id=\"wpforms-8530-field_1-container\" class=\"wpforms-field wpforms-field-email\" data-field-id=\"1\"><label class=\"wpforms-field-label\" for=\"wpforms-8530-field_1\">E-posta <span class=\"wpforms-required-label\">*<\/span><\/label><input type=\"email\" id=\"wpforms-8530-field_1\" class=\"wpforms-field-medium wpforms-field-required\" name=\"wpforms[fields][1]\" spellcheck=\"false\" required><\/div><div id=\"wpforms-8530-field_2-container\" class=\"wpforms-field wpforms-field-textarea\" data-field-id=\"2\"><label class=\"wpforms-field-label\" for=\"wpforms-8530-field_2\">Yorum veya Mesaj<\/label><textarea id=\"wpforms-8530-field_2\" class=\"wpforms-field-medium\" name=\"wpforms[fields][2]\" ><\/textarea><\/div><\/div><!-- .wpforms-field-container --><div class=\"wpforms-submit-container\" ><input type=\"hidden\" name=\"wpforms[id]\" value=\"8530\"><input type=\"hidden\" name=\"page_title\" value=\"\"><input type=\"hidden\" name=\"page_url\" value=\"https:\/\/portmedglobal.com\/en\/wp-json\/wp\/v2\/pages\/2011\"><input type=\"hidden\" name=\"url_referer\" value=\"\"><button type=\"submit\" name=\"wpforms[submit]\" id=\"wpforms-submit-8530\" class=\"wpforms-submit\" data-alt-text=\"G\u00f6nderiliyor...\" data-submit-text=\"G\u00f6nder\" aria-live=\"assertive\" value=\"wpforms-submit\">G\u00f6nder<\/button><img decoding=\"async\" src=\"https:\/\/portmedglobal.com\/wp-content\/plugins\/wpforms-lite\/assets\/images\/submit-spin.svg\" class=\"wpforms-submit-spinner\" style=\"display: none;\" width=\"26\" height=\"26\" alt=\"Loading\"><\/div><\/form><\/div>  <!-- .wpforms-container -->\t\t\t\t<\/div>\n\t\t\t\t<\/div>\n\t\t\t\t\t<\/div>\n\t\t<\/div>\n\t\t\t\t\t<\/div>\n\t\t<\/section>\n\t\t\t\t<section class=\"elementor-section elementor-top-section elementor-element elementor-element-f680588 elementor-section-full_width elementor-section-height-default elementor-section-height-default\" data-id=\"f680588\" data-element_type=\"section\" data-e-type=\"section\">\n\t\t\t\t\t\t<div class=\"elementor-container elementor-column-gap-no\">\n\t\t\t\t\t<div class=\"elementor-column elementor-col-100 elementor-top-column elementor-element elementor-element-016e38c\" data-id=\"016e38c\" data-element_type=\"column\" data-e-type=\"column\">\n\t\t\t<div class=\"elementor-widget-wrap elementor-element-populated\">\n\t\t\t\t\t\t<div class=\"elementor-element elementor-element-c4a42a6 elementor-widget elementor-widget-google_maps\" data-id=\"c4a42a6\" data-element_type=\"widget\" data-e-type=\"widget\" data-widget_type=\"google_maps.default\">\n\t\t\t\t<div class=\"elementor-widget-container\">\n\t\t\t\t\t\t\t<div class=\"elementor-custom-embed\">\n\t\t\t<iframe loading=\"lazy\"\n\t\t\t\t\tsrc=\"https:\/\/maps.google.com\/maps?q=ziya%20g%C3%B6kalp%20mah.%20s%C3%BCleyman%20demirel%20b%C4%B1l.%20the%20office%20no%3A7E%20%C4%B0%C3%A7%20Kap%C4%B1%20No.%20136%20Ba%C5%9Fak%C5%9Fehir%2F%20%C4%B0stanbul&t=m&z=13&output=embed&iwloc=near\"\n\t\t\t\t\ttitle=\"ziya g\u00f6kalp mah. s\u00fcleyman demirel b\u0131l. the office no:7E \u0130\u00e7 Kap\u0131 No. 136 Ba\u015fak\u015fehir\/ \u0130stanbul\"\n\t\t\t\t\taria-label=\"ziya g\u00f6kalp mah. s\u00fcleyman demirel b\u0131l. the office no:7E \u0130\u00e7 Kap\u0131 No. 136 Ba\u015fak\u015fehir\/ \u0130stanbul\"\n\t\t\t><\/iframe>\n\t\t<\/div>\n\t\t\t\t\t\t<\/div>\n\t\t\t\t<\/div>\n\t\t\t\t\t<\/div>\n\t\t<\/div>\n\t\t\t\t\t<\/div>\n\t\t<\/section>\n\t\t\t\t<\/div>\n\t\t","protected":false},"excerpt":{"rendered":"<p>\u0130LET\u0130\u015e\u0130M ADRES\u0130M\u0130Z Bize 7\/24 ula\u015fabilirsiniz. mail g\u00f6nderebilirsiniz veya arayabilirsiniz. Telefon: +90 850 309 07 21 Adres: Ziya G\u00f6kalp Mah. S\u00fcleyman Demirel Bul. The Office No:7E \u0130\u00e7 Kap\u0131 No. 136 Ba\u015fak\u015fehir\/ \u0130stanbul Email: hello@portmedglobal.com \u00c7al\u0131\u015fma Saatleri: Monday-Friday: 8am \u2013 6pm Saturday-Sunday: 8am \u2013 2pm Holidays: closed Mail ALANI \u0130steklerinizi \u0130letiniz Bu formu bitirebilmek i\u00e7in taray\u0131c\u0131n\u0131zda JavaScript&#039;i [&hellip;]<\/p>\n","protected":false},"author":1,"featured_media":0,"parent":0,"menu_order":0,"comment_status":"closed","ping_status":"closed","template":"","meta":{"footnotes":""},"class_list":["post-2011","page","type-page","status-publish","hentry"],"rttpg_featured_image_url":null,"rttpg_author":{"display_name":"admin","author_link":"https:\/\/portmedglobal.com\/en\/author\/admin\/"},"rttpg_comment":0,"rttpg_category":null,"rttpg_excerpt":"\u0130LET\u0130\u015e\u0130M ADRES\u0130M\u0130Z Bize 7\/24 ula\u015fabilirsiniz. mail g\u00f6nderebilirsiniz veya arayabilirsiniz. Telefon: +90 850 309 07 21 Adres: Ziya G\u00f6kalp Mah. S\u00fcleyman Demirel Bul. The Office No:7E \u0130\u00e7 Kap\u0131 No. 136 Ba\u015fak\u015fehir\/ \u0130stanbul Email: hello@portmedglobal.com \u00c7al\u0131\u015fma Saatleri: Monday-Friday: 8am \u2013 6pm Saturday-Sunday: 8am \u2013 2pm Holidays: closed Mail ALANI \u0130steklerinizi \u0130letiniz Bu formu bitirebilmek i\u00e7in taray\u0131c\u0131n\u0131zda JavaScript&#039;i&hellip;","_links":{"self":[{"href":"https:\/\/portmedglobal.com\/en\/wp-json\/wp\/v2\/pages\/2011","targetHints":{"allow":["GET"]}}],"collection":[{"href":"https:\/\/portmedglobal.com\/en\/wp-json\/wp\/v2\/pages"}],"about":[{"href":"https:\/\/portmedglobal.com\/en\/wp-json\/wp\/v2\/types\/page"}],"author":[{"embeddable":true,"href":"https:\/\/portmedglobal.com\/en\/wp-json\/wp\/v2\/users\/1"}],"replies":[{"embeddable":true,"href":"https:\/\/portmedglobal.com\/en\/wp-json\/wp\/v2\/comments?post=2011"}],"version-history":[{"count":43,"href":"https:\/\/portmedglobal.com\/en\/wp-json\/wp\/v2\/pages\/2011\/revisions"}],"predecessor-version":[{"id":9536,"href":"https:\/\/portmedglobal.com\/en\/wp-json\/wp\/v2\/pages\/2011\/revisions\/9536"}],"wp:attachment":[{"href":"https:\/\/portmedglobal.com\/en\/wp-json\/wp\/v2\/media?parent=2011"}],"curies":[{"name":"wp","href":"https:\/\/api.w.org\/{rel}","templated":true}]}}