{"id":3701,"date":"2022-05-09T07:03:09","date_gmt":"2022-05-09T07:03:09","guid":{"rendered":"https:\/\/wpdemo.archiwp.com\/ronmi\/?page_id=3701"},"modified":"2024-08-08T13:49:18","modified_gmt":"2024-08-08T13:49:18","slug":"islerimiz","status":"publish","type":"page","link":"https:\/\/portmedglobal.com\/en\/islerimiz\/","title":{"rendered":"OUR SERVICES"},"content":{"rendered":"\t\t<div data-elementor-type=\"wp-page\" data-elementor-id=\"3701\" class=\"elementor elementor-3701\">\n\t\t\t\t\t\t<section class=\"elementor-section elementor-top-section elementor-element elementor-element-dffe488 elementor-section-boxed elementor-section-height-default elementor-section-height-default\" data-id=\"dffe488\" data-element_type=\"section\" data-e-type=\"section\" data-settings=\"{&quot;background_background&quot;:&quot;slideshow&quot;,&quot;background_slideshow_gallery&quot;:[{&quot;id&quot;:8577,&quot;url&quot;:&quot;http:\\\/\\\/portmedglobal.com\\\/wp-content\\\/uploads\\\/2024\\\/07\\\/logistic-transform.png&quot;}],&quot;background_slideshow_loop&quot;:&quot;yes&quot;,&quot;background_slideshow_slide_duration&quot;:5000,&quot;background_slideshow_slide_transition&quot;:&quot;fade&quot;,&quot;background_slideshow_transition_duration&quot;:500}\">\n\t\t\t\t\t\t<div class=\"elementor-container elementor-column-gap-default\">\n\t\t\t\t\t<div class=\"elementor-column elementor-col-100 elementor-top-column elementor-element elementor-element-b10bf13\" data-id=\"b10bf13\" data-element_type=\"column\" data-e-type=\"column\">\n\t\t\t<div class=\"elementor-widget-wrap elementor-element-populated\">\n\t\t\t\t\t\t<div class=\"elementor-element elementor-element-82f2fdd elementor-widget elementor-widget-ot-heading\" data-id=\"82f2fdd\" data-element_type=\"widget\" data-e-type=\"widget\" data-widget_type=\"ot-heading.default\">\n\t\t\t\t<div class=\"elementor-widget-container\">\n\t\t\t\t\t\t\t<div class=\"ot-heading\">\r\n\t        <span class=\"ot-heading__sub\">\u0130\u015eLER\u0130M\u0130Z<\/span>\t        <h2 class=\"ot-heading__title\">S\u0130ZLERE SA\u011eLADI\u011eIMIZ H\u0130ZMETLER<\/h2>\t    <\/div>\r\n\t    \t\t\t\t<\/div>\n\t\t\t\t<\/div>\n\t\t\t\t<div class=\"elementor-element elementor-element-f810026 elementor-widget elementor-widget-ot-portfolio-grid\" data-id=\"f810026\" data-element_type=\"widget\" data-e-type=\"widget\" data-widget_type=\"ot-portfolio-grid.default\">\n\t\t\t\t<div class=\"elementor-widget-container\">\n\t\t\t\t\t\r\n\t\t<div class=\"project-filter-wrapper\">\r\n\t\t\t\t\t\t\t        <div class=\"projects-grid pf_3_cols style-2  \" data-load=\"3\" data-count=\"4\">\r\n\t\t\t<div class=\"grid-sizer\"><\/div>\r\n\t            <article class=\"project-item portfolio-category-id-146 normal\">\r\n\t<div class=\"projects-box\">\r\n\t\t<div class=\"projects-thumbnail\" data-src=\"https:\/\/portmedglobal.com\/wp-content\/uploads\/2022\/11\/project-15.jpg\" data-sub-html=\"PROJE KARGO TASIMACILIGI\">\r\n\t\t\t\t\t\t<a href=\"https:\/\/portmedglobal.com\/en\/portfolio\/proje-kargo-tasimaciligi\/\">\r\n\t\t\t\t<img fetchpriority=\"high\" decoding=\"async\" width=\"928\" height=\"703\" src=\"https:\/\/portmedglobal.com\/wp-content\/uploads\/2022\/11\/project-15.jpg\" class=\"attachment-full size-full wp-image-2441\" alt=\"\" srcset=\"https:\/\/portmedglobal.com\/wp-content\/uploads\/2022\/11\/project-15.jpg 928w, https:\/\/portmedglobal.com\/wp-content\/uploads\/2022\/11\/project-15-300x227.jpg 300w, https:\/\/portmedglobal.com\/wp-content\/uploads\/2022\/11\/project-15-768x582.jpg 768w\" sizes=\"(max-width: 928px) 100vw, 928px\" \/>\t\t\t<\/a>\r\n\t\t\t\t\t\t<span class=\"overlay\">\r\n\t\t\t\t<i class=\"ot-flaticon-loupe\"><\/i>\r\n\t\t\t<\/span>\r\n\t\t<\/div>\r\n\t\t<div class=\"portfolio-info full-width\">\r\n\t\t\t<div class=\"portfolio-info-inner \">\r\n\t\t\t\t<p class=\"portfolio-cates\"><a href=\"https:\/\/portmedglobal.com\/en\/portfolio-category\/tasimacilik\/\">Ta\u015f\u0131mac\u0131l\u0131k<\/a><\/p> \r\n\t\t\t\t<h5><a class=\"title-link\" href=\"https:\/\/portmedglobal.com\/en\/portfolio\/proje-kargo-tasimaciligi\/\" data-src=\"https:\/\/portmedglobal.com\/wp-content\/uploads\/2022\/11\/project-15.jpg\" data-sub-html=\"PROJE KARGO TASIMACILIGI\">PROJE KARGO TASIMACILIGI<\/a><\/h5>\r\n\t\t\t\t\r\n\t\t\t\t\t\t\t<\/div>\r\n\t\t<\/div>\r\n\t<\/div>\r\n<\/article>\r\n\r\n<article class=\"project-item portfolio-category-id-146 normal\">\r\n\t<div class=\"projects-box\">\r\n\t\t<div class=\"projects-thumbnail\" data-src=\"https:\/\/portmedglobal.com\/wp-content\/uploads\/2022\/12\/blog-13-1.jpg\" data-sub-html=\"Hava Ta\u015f\u0131mac\u0131l\u0131\u011f\u0131\">\r\n\t\t\t\t\t\t<a href=\"https:\/\/portmedglobal.com\/en\/portfolio\/hava-tasimaciligi\/\">\r\n\t\t\t\t<img decoding=\"async\" width=\"450\" height=\"405\" src=\"https:\/\/portmedglobal.com\/wp-content\/uploads\/2022\/12\/blog-13-1.jpg\" class=\"attachment-full size-full wp-image-2878\" alt=\"\" srcset=\"https:\/\/portmedglobal.com\/wp-content\/uploads\/2022\/12\/blog-13-1.jpg 450w, https:\/\/portmedglobal.com\/wp-content\/uploads\/2022\/12\/blog-13-1-300x270.jpg 300w\" sizes=\"(max-width: 450px) 100vw, 450px\" \/>\t\t\t<\/a>\r\n\t\t\t\t\t\t<span class=\"overlay\">\r\n\t\t\t\t<i class=\"ot-flaticon-loupe\"><\/i>\r\n\t\t\t<\/span>\r\n\t\t<\/div>\r\n\t\t<div class=\"portfolio-info full-width\">\r\n\t\t\t<div class=\"portfolio-info-inner \">\r\n\t\t\t\t<p class=\"portfolio-cates\"><a href=\"https:\/\/portmedglobal.com\/en\/portfolio-category\/tasimacilik\/\">Ta\u015f\u0131mac\u0131l\u0131k<\/a><\/p> \r\n\t\t\t\t<h5><a class=\"title-link\" href=\"https:\/\/portmedglobal.com\/en\/portfolio\/hava-tasimaciligi\/\" data-src=\"https:\/\/portmedglobal.com\/wp-content\/uploads\/2022\/12\/blog-13-1.jpg\" data-sub-html=\"Hava Ta\u015f\u0131mac\u0131l\u0131\u011f\u0131\">Hava Ta\u015f\u0131mac\u0131l\u0131\u011f\u0131<\/a><\/h5>\r\n\t\t\t\t\r\n\t\t\t\t\t\t\t<\/div>\r\n\t\t<\/div>\r\n\t<\/div>\r\n<\/article>\r\n\r\n<article class=\"project-item portfolio-category-id-146 normal\">\r\n\t<div class=\"projects-box\">\r\n\t\t<div class=\"projects-thumbnail\" data-src=\"https:\/\/portmedglobal.com\/wp-content\/uploads\/2022\/12\/blog-14-2.jpg\" data-sub-html=\"Deniz Ta\u015f\u0131mac\u0131l\u0131\u011f\u0131\">\r\n\t\t\t\t\t\t<a href=\"https:\/\/portmedglobal.com\/en\/portfolio\/deniz-tasimaciligi\/\">\r\n\t\t\t\t<img decoding=\"async\" width=\"450\" height=\"405\" src=\"https:\/\/portmedglobal.com\/wp-content\/uploads\/2022\/12\/blog-14-2.jpg\" class=\"attachment-full size-full wp-image-2879\" alt=\"\" srcset=\"https:\/\/portmedglobal.com\/wp-content\/uploads\/2022\/12\/blog-14-2.jpg 450w, https:\/\/portmedglobal.com\/wp-content\/uploads\/2022\/12\/blog-14-2-300x270.jpg 300w\" sizes=\"(max-width: 450px) 100vw, 450px\" \/>\t\t\t<\/a>\r\n\t\t\t\t\t\t<span class=\"overlay\">\r\n\t\t\t\t<i class=\"ot-flaticon-loupe\"><\/i>\r\n\t\t\t<\/span>\r\n\t\t<\/div>\r\n\t\t<div class=\"portfolio-info full-width\">\r\n\t\t\t<div class=\"portfolio-info-inner \">\r\n\t\t\t\t<p class=\"portfolio-cates\"><a href=\"https:\/\/portmedglobal.com\/en\/portfolio-category\/tasimacilik\/\">Ta\u015f\u0131mac\u0131l\u0131k<\/a><\/p> \r\n\t\t\t\t<h5><a class=\"title-link\" href=\"https:\/\/portmedglobal.com\/en\/portfolio\/deniz-tasimaciligi\/\" data-src=\"https:\/\/portmedglobal.com\/wp-content\/uploads\/2022\/12\/blog-14-2.jpg\" data-sub-html=\"Deniz Ta\u015f\u0131mac\u0131l\u0131\u011f\u0131\">Deniz Ta\u015f\u0131mac\u0131l\u0131\u011f\u0131<\/a><\/h5>\r\n\t\t\t\t\r\n\t\t\t\t\t\t\t<\/div>\r\n\t\t<\/div>\r\n\t<\/div>\r\n<\/article>\r\n\r\n\t\t\t<\/div>\r\n\r\n\t\t\t\t    <\/div>\r\n\t\t\t\t\t\t\t\t\t\t\r\n\t    \t\t\t\t<\/div>\n\t\t\t\t<\/div>\n\t\t\t\t\t<\/div>\n\t\t<\/div>\n\t\t\t\t\t<\/div>\n\t\t<\/section>\n\t\t\t\t<section class=\"elementor-section elementor-top-section elementor-element elementor-element-2f7e799a elementor-section-boxed elementor-section-height-default elementor-section-height-default\" data-id=\"2f7e799a\" data-element_type=\"section\" data-e-type=\"section\" data-settings=\"{&quot;background_background&quot;:&quot;classic&quot;}\">\n\t\t\t\t\t\t<div class=\"elementor-container elementor-column-gap-default\">\n\t\t\t\t\t<div class=\"elementor-column elementor-col-100 elementor-top-column elementor-element elementor-element-74967bc1\" data-id=\"74967bc1\" data-element_type=\"column\" data-e-type=\"column\">\n\t\t\t<div class=\"elementor-widget-wrap elementor-element-populated\">\n\t\t\t\t\t\t<div class=\"elementor-element elementor-element-9df6701 elementor-view-default elementor-widget elementor-widget-icon\" data-id=\"9df6701\" data-element_type=\"widget\" data-e-type=\"widget\" data-widget_type=\"icon.default\">\n\t\t\t\t<div class=\"elementor-widget-container\">\n\t\t\t\t\t\t\t<div class=\"elementor-icon-wrapper\">\n\t\t\t<div class=\"elementor-icon\">\n\t\t\t<i aria-hidden=\"true\" class=\"fas fa-globe-africa\"><\/i>\t\t\t<\/div>\n\t\t<\/div>\n\t\t\t\t\t\t<\/div>\n\t\t\t\t<\/div>\n\t\t\t\t<div class=\"elementor-element elementor-element-3fd776f9 elementor-widget elementor-widget-heading\" data-id=\"3fd776f9\" data-element_type=\"widget\" data-e-type=\"widget\" data-widget_type=\"heading.default\">\n\t\t\t\t<div class=\"elementor-widget-container\">\n\t\t\t\t\t<h4 class=\"elementor-heading-title elementor-size-default\">~ M\u00fc\u015fterimiz ~<\/h4>\t\t\t\t<\/div>\n\t\t\t\t<\/div>\n\t\t\t\t<div class=\"elementor-element elementor-element-6dfe3066 sec_title elementor-widget elementor-widget-heading\" data-id=\"6dfe3066\" data-element_type=\"widget\" data-e-type=\"widget\" data-widget_type=\"heading.default\">\n\t\t\t\t<div class=\"elementor-widget-container\">\n\t\t\t\t\t<h3 class=\"elementor-heading-title elementor-size-default\">Bizimle <span>\u00c7al\u0131\u015fanlar<\/span><\/h3>\t\t\t\t<\/div>\n\t\t\t\t<\/div>\n\t\t\t\t<div class=\"elementor-element elementor-element-6ce0f076 elementor-widget elementor-widget-text-editor\" data-id=\"6ce0f076\" data-element_type=\"widget\" data-e-type=\"widget\" data-widget_type=\"text-editor.default\">\n\t\t\t\t<div class=\"elementor-widget-container\">\n\t\t\t\t\t\t\t\t\t<p>Portmed Global \u0130le Yolculu\u011fa \u00c7\u0131k\u0131p Bize E\u015flik Edenler<\/p>\t\t\t\t\t\t\t\t<\/div>\n\t\t\t\t<\/div>\n\t\t\t\t<section class=\"elementor-section elementor-inner-section elementor-element elementor-element-46463fce elementor-section-full_width elementor-section-height-default elementor-section-height-default\" data-id=\"46463fce\" data-element_type=\"section\" data-e-type=\"section\">\n\t\t\t\t\t\t<div class=\"elementor-container elementor-column-gap-no\">\n\t\t\t\t\t<div class=\"elementor-column elementor-col-25 elementor-inner-column elementor-element elementor-element-1cf5583f\" data-id=\"1cf5583f\" data-element_type=\"column\" data-e-type=\"column\">\n\t\t\t<div class=\"elementor-widget-wrap elementor-element-populated\">\n\t\t\t\t\t\t<div class=\"elementor-element elementor-element-2c98773e elementor-widget elementor-widget-image\" data-id=\"2c98773e\" data-element_type=\"widget\" data-e-type=\"widget\" data-widget_type=\"image.default\">\n\t\t\t\t<div class=\"elementor-widget-container\">\n\t\t\t\t\t\t\t\t\t\t\t\t\t\t\t<img decoding=\"async\" src=\"http:\/\/finestwp.com\/vervoer\/wp-content\/uploads\/2022\/11\/client-1.png\" title=\"\" alt=\"\" loading=\"lazy\" \/>\t\t\t\t\t\t\t\t\t\t\t\t\t\t\t<\/div>\n\t\t\t\t<\/div>\n\t\t\t\t\t<\/div>\n\t\t<\/div>\n\t\t\t\t<div class=\"elementor-column elementor-col-25 elementor-inner-column elementor-element elementor-element-3d3243fa\" data-id=\"3d3243fa\" data-element_type=\"column\" data-e-type=\"column\">\n\t\t\t<div class=\"elementor-widget-wrap elementor-element-populated\">\n\t\t\t\t\t\t<div class=\"elementor-element elementor-element-7f4c421a elementor-widget elementor-widget-image\" data-id=\"7f4c421a\" data-element_type=\"widget\" data-e-type=\"widget\" data-widget_type=\"image.default\">\n\t\t\t\t<div class=\"elementor-widget-container\">\n\t\t\t\t\t\t\t\t\t\t\t\t\t\t\t<img decoding=\"async\" src=\"http:\/\/finestwp.com\/vervoer\/wp-content\/uploads\/2022\/11\/client-2.png\" title=\"\" alt=\"\" loading=\"lazy\" \/>\t\t\t\t\t\t\t\t\t\t\t\t\t\t\t<\/div>\n\t\t\t\t<\/div>\n\t\t\t\t\t<\/div>\n\t\t<\/div>\n\t\t\t\t<div class=\"elementor-column elementor-col-25 elementor-inner-column elementor-element elementor-element-5bdb04ff\" data-id=\"5bdb04ff\" data-element_type=\"column\" data-e-type=\"column\">\n\t\t\t<div class=\"elementor-widget-wrap elementor-element-populated\">\n\t\t\t\t\t\t<div class=\"elementor-element elementor-element-5e5f9ad9 elementor-widget elementor-widget-image\" data-id=\"5e5f9ad9\" data-element_type=\"widget\" data-e-type=\"widget\" data-widget_type=\"image.default\">\n\t\t\t\t<div class=\"elementor-widget-container\">\n\t\t\t\t\t\t\t\t\t\t\t\t\t\t\t<img decoding=\"async\" src=\"http:\/\/finestwp.com\/vervoer\/wp-content\/uploads\/2022\/11\/client-3.png\" title=\"\" alt=\"\" loading=\"lazy\" \/>\t\t\t\t\t\t\t\t\t\t\t\t\t\t\t<\/div>\n\t\t\t\t<\/div>\n\t\t\t\t\t<\/div>\n\t\t<\/div>\n\t\t\t\t<div class=\"elementor-column elementor-col-25 elementor-inner-column elementor-element elementor-element-9ee562b\" data-id=\"9ee562b\" data-element_type=\"column\" data-e-type=\"column\">\n\t\t\t<div class=\"elementor-widget-wrap elementor-element-populated\">\n\t\t\t\t\t\t<div class=\"elementor-element elementor-element-26e60e69 elementor-widget elementor-widget-image\" data-id=\"26e60e69\" data-element_type=\"widget\" data-e-type=\"widget\" data-widget_type=\"image.default\">\n\t\t\t\t<div class=\"elementor-widget-container\">\n\t\t\t\t\t\t\t\t\t\t\t\t\t\t\t<img decoding=\"async\" src=\"http:\/\/finestwp.com\/vervoer\/wp-content\/uploads\/2022\/11\/client-4.png\" title=\"\" alt=\"\" loading=\"lazy\" \/>\t\t\t\t\t\t\t\t\t\t\t\t\t\t\t<\/div>\n\t\t\t\t<\/div>\n\t\t\t\t\t<\/div>\n\t\t<\/div>\n\t\t\t\t\t<\/div>\n\t\t<\/section>\n\t\t\t\t\t<\/div>\n\t\t<\/div>\n\t\t\t\t\t<\/div>\n\t\t<\/section>\n\t\t\t\t<\/div>\n\t\t","protected":false},"excerpt":{"rendered":"<p>\u0130\u015eLER\u0130M\u0130Z S\u0130ZLERE SA\u011eLADI\u011eIMIZ H\u0130ZMETLER Ta\u015f\u0131mac\u0131l\u0131k Hava Ta\u015f\u0131mac\u0131l\u0131\u011f\u0131 Ta\u015f\u0131mac\u0131l\u0131k Deniz Ta\u015f\u0131mac\u0131l\u0131\u011f\u0131 Ta\u015f\u0131mac\u0131l\u0131k Karayolu Ta\u015f\u0131mac\u0131l\u0131\u011f\u0131 ~ M\u00fc\u015fterimiz ~ Bizimle \u00c7al\u0131\u015fanlar Portmed Global \u0130le Yolculu\u011fa \u00c7\u0131k\u0131p Bize E\u015flik Edenler<\/p>","protected":false},"author":1,"featured_media":0,"parent":0,"menu_order":0,"comment_status":"closed","ping_status":"closed","template":"","meta":{"footnotes":""},"class_list":["post-3701","page","type-page","status-publish","hentry"],"rttpg_featured_image_url":null,"rttpg_author":{"display_name":"admin","author_link":"https:\/\/portmedglobal.com\/en\/author\/admin\/"},"rttpg_comment":0,"rttpg_category":null,"rttpg_excerpt":"\u0130\u015eLER\u0130M\u0130Z S\u0130ZLERE SA\u011eLADI\u011eIMIZ H\u0130ZMETLER Ta\u015f\u0131mac\u0131l\u0131k Hava Ta\u015f\u0131mac\u0131l\u0131\u011f\u0131 Ta\u015f\u0131mac\u0131l\u0131k Deniz Ta\u015f\u0131mac\u0131l\u0131\u011f\u0131 Ta\u015f\u0131mac\u0131l\u0131k Karayolu Ta\u015f\u0131mac\u0131l\u0131\u011f\u0131 ~ M\u00fc\u015fterimiz ~ Bizimle \u00c7al\u0131\u015fanlar Portmed Global \u0130le Yolculu\u011fa \u00c7\u0131k\u0131p Bize E\u015flik Edenler","_links":{"self":[{"href":"https:\/\/portmedglobal.com\/en\/wp-json\/wp\/v2\/pages\/3701","targetHints":{"allow":["GET"]}}],"collection":[{"href":"https:\/\/portmedglobal.com\/en\/wp-json\/wp\/v2\/pages"}],"about":[{"href":"https:\/\/portmedglobal.com\/en\/wp-json\/wp\/v2\/types\/page"}],"author":[{"embeddable":true,"href":"https:\/\/portmedglobal.com\/en\/wp-json\/wp\/v2\/users\/1"}],"replies":[{"embeddable":true,"href":"https:\/\/portmedglobal.com\/en\/wp-json\/wp\/v2\/comments?post=3701"}],"version-history":[{"count":106,"href":"https:\/\/portmedglobal.com\/en\/wp-json\/wp\/v2\/pages\/3701\/revisions"}],"predecessor-version":[{"id":9412,"href":"https:\/\/portmedglobal.com\/en\/wp-json\/wp\/v2\/pages\/3701\/revisions\/9412"}],"wp:attachment":[{"href":"https:\/\/portmedglobal.com\/en\/wp-json\/wp\/v2\/media?parent=3701"}],"curies":[{"name":"wp","href":"https:\/\/api.w.org\/{rel}","templated":true}]}}