{"id":8356,"date":"2022-04-12T10:39:16","date_gmt":"2022-04-12T10:39:16","guid":{"rendered":"https:\/\/wpdemo.archiwp.com\/ronmi\/?page_id=843"},"modified":"2024-10-30T13:31:56","modified_gmt":"2024-10-30T13:31:56","slug":"hakkimizda","status":"publish","type":"page","link":"https:\/\/portmedglobal.com\/en\/hakkimizda\/","title":{"rendered":"ABOUT US"},"content":{"rendered":"<div data-elementor-type=\"wp-page\" data-elementor-id=\"8356\" class=\"elementor elementor-8356\">\n\t\t\t\t\t\t<section class=\"elementor-section elementor-top-section elementor-element elementor-element-9a2d78d elementor-section-boxed elementor-section-height-default elementor-section-height-default\" data-id=\"9a2d78d\" data-element_type=\"section\" data-e-type=\"section\">\n\t\t\t\t\t\t<div class=\"elementor-container elementor-column-gap-default\">\n\t\t\t\t\t<div class=\"elementor-column elementor-col-50 elementor-top-column elementor-element elementor-element-c6da0c6\" data-id=\"c6da0c6\" data-element_type=\"column\" data-e-type=\"column\">\n\t\t\t<div class=\"elementor-widget-wrap elementor-element-populated\">\n\t\t\t\t\t\t<div class=\"elementor-element elementor-element-cf8abd1 elementor-widget-divider--view-line_icon elementor-view-default elementor-widget-divider--element-align-center elementor-widget elementor-widget-divider\" data-id=\"cf8abd1\" data-element_type=\"widget\" data-e-type=\"widget\" data-settings=\"{&quot;_animation_mobile&quot;:&quot;fadeInLeft&quot;}\" data-widget_type=\"divider.default\">\n\t\t\t\t<div class=\"elementor-widget-container\">\n\t\t\t\t\t\t\t<div class=\"elementor-divider\">\n\t\t\t<span class=\"elementor-divider-separator\">\n\t\t\t\t\t\t\t<div class=\"elementor-icon elementor-divider__element\">\n\t\t\t\t\t<i aria-hidden=\"true\" class=\"far fa-compass\"><\/i><\/div>\n\t\t\t\t\t\t<\/span>\n\t\t<\/div>\n\t\t\t\t\t\t<\/div>\n\t\t\t\t<\/div>\n\t\t\t\t<div class=\"elementor-element elementor-element-7eeda08 elementor-invisible elementor-widget elementor-widget-image\" data-id=\"7eeda08\" data-element_type=\"widget\" data-e-type=\"widget\" data-settings=\"{&quot;_animation&quot;:&quot;fadeInRight&quot;}\" data-widget_type=\"image.default\">\n\t\t\t\t<div class=\"elementor-widget-container\">\n\t\t\t\t\t\t\t\t\t\t\t\t\t\t\t<img fetchpriority=\"high\" decoding=\"async\" width=\"1080\" height=\"1080\" src=\"https:\/\/portmedglobal.com\/wp-content\/uploads\/2022\/05\/Portmed-Global-logo-png.png\" class=\"attachment-full size-full wp-image-8392\" alt=\"\" srcset=\"https:\/\/portmedglobal.com\/wp-content\/uploads\/2022\/05\/Portmed-Global-logo-png.png 1080w, https:\/\/portmedglobal.com\/wp-content\/uploads\/2022\/05\/Portmed-Global-logo-png-300x300.png 300w, https:\/\/portmedglobal.com\/wp-content\/uploads\/2022\/05\/Portmed-Global-logo-png-1024x1024.png 1024w, https:\/\/portmedglobal.com\/wp-content\/uploads\/2022\/05\/Portmed-Global-logo-png-150x150.png 150w, https:\/\/portmedglobal.com\/wp-content\/uploads\/2022\/05\/Portmed-Global-logo-png-768x768.png 768w\" sizes=\"(max-width: 1080px) 100vw, 1080px\" \/>\t\t\t\t\t\t\t\t\t\t\t\t\t\t\t<\/div>\n\t\t\t\t<\/div>\n\t\t\t\t<div class=\"elementor-element elementor-element-2fc80b9 elementor-widget-divider--view-line_icon elementor-view-default elementor-widget-divider--element-align-center elementor-widget elementor-widget-divider\" data-id=\"2fc80b9\" data-element_type=\"widget\" data-e-type=\"widget\" data-settings=\"{&quot;_animation_mobile&quot;:&quot;fadeInRight&quot;}\" data-widget_type=\"divider.default\">\n\t\t\t\t<div class=\"elementor-widget-container\">\n\t\t\t\t\t\t\t<div class=\"elementor-divider\">\n\t\t\t<span class=\"elementor-divider-separator\">\n\t\t\t\t\t\t\t<div class=\"elementor-icon elementor-divider__element\">\n\t\t\t\t\t<i aria-hidden=\"true\" class=\"far fa-compass\"><\/i><\/div>\n\t\t\t\t\t\t<\/span>\n\t\t<\/div>\n\t\t\t\t\t\t<\/div>\n\t\t\t\t<\/div>\n\t\t\t\t\t<\/div>\n\t\t<\/div>\n\t\t\t\t<div class=\"elementor-column elementor-col-50 elementor-top-column elementor-element elementor-element-7def9ac\" data-id=\"7def9ac\" data-element_type=\"column\" data-e-type=\"column\">\n\t\t\t<div class=\"elementor-widget-wrap elementor-element-populated\">\n\t\t\t\t\t\t<div class=\"elementor-element elementor-element-9037e95 elementor-widget-divider--view-line_icon elementor-hidden-tablet elementor-hidden-mobile elementor-view-default elementor-widget-divider--element-align-center elementor-widget elementor-widget-divider\" data-id=\"9037e95\" data-element_type=\"widget\" data-e-type=\"widget\" data-settings=\"{&quot;_animation_mobile&quot;:&quot;fadeInRight&quot;}\" data-widget_type=\"divider.default\">\n\t\t\t\t<div class=\"elementor-widget-container\">\n\t\t\t\t\t\t\t<div class=\"elementor-divider\">\n\t\t\t<span class=\"elementor-divider-separator\">\n\t\t\t\t\t\t\t<div class=\"elementor-icon elementor-divider__element\">\n\t\t\t\t\t<i aria-hidden=\"true\" class=\"far fa-compass\"><\/i><\/div>\n\t\t\t\t\t\t<\/span>\n\t\t<\/div>\n\t\t\t\t\t\t<\/div>\n\t\t\t\t<\/div>\n\t\t\t\t<div class=\"elementor-element elementor-element-00bea24 elementor-tabs-view-horizontal elementor-widget elementor-widget-tabs\" data-id=\"00bea24\" data-element_type=\"widget\" data-e-type=\"widget\" data-widget_type=\"tabs.default\">\n\t\t\t\t<div class=\"elementor-widget-container\">\n\t\t\t\t\t\t\t<div class=\"elementor-tabs\">\n\t\t\t<div class=\"elementor-tabs-wrapper\" role=\"tablist\" >\n\t\t\t\t\t\t\t\t\t<div id=\"elementor-tab-title-7801\" class=\"elementor-tab-title elementor-tab-desktop-title\" aria-selected=\"true\" data-tab=\"1\" role=\"tab\" tabindex=\"0\" aria-controls=\"elementor-tab-content-7801\" aria-expanded=\"false\">ABOUT US<\/div>\n\t\t\t\t\t\t\t\t\t<div id=\"elementor-tab-title-7802\" class=\"elementor-tab-title elementor-tab-desktop-title\" aria-selected=\"false\" data-tab=\"2\" role=\"tab\" tabindex=\"-1\" aria-controls=\"elementor-tab-content-7802\" aria-expanded=\"false\">Our Vision<\/div>\n\t\t\t\t\t\t\t\t\t<div id=\"elementor-tab-title-7803\" class=\"elementor-tab-title elementor-tab-desktop-title\" aria-selected=\"false\" data-tab=\"3\" role=\"tab\" tabindex=\"-1\" aria-controls=\"elementor-tab-content-7803\" aria-expanded=\"false\">Our Mission<\/div>\n\t\t\t\t\t\t\t\t\t<div id=\"elementor-tab-title-7804\" class=\"elementor-tab-title elementor-tab-desktop-title\" aria-selected=\"false\" data-tab=\"4\" role=\"tab\" tabindex=\"-1\" aria-controls=\"elementor-tab-content-7804\" aria-expanded=\"false\">Our Values<\/div>\n\t\t\t\t\t\t\t\t\t<div id=\"elementor-tab-title-7805\" class=\"elementor-tab-title elementor-tab-desktop-title\" aria-selected=\"false\" data-tab=\"5\" role=\"tab\" tabindex=\"-1\" aria-controls=\"elementor-tab-content-7805\" aria-expanded=\"false\">Our Services<\/div>\n\t\t\t\t\t\t\t<\/div>\n\t\t\t<div class=\"elementor-tabs-content-wrapper\" role=\"tablist\" aria-orientation=\"vertical\">\n\t\t\t\t\t\t\t\t\t<div class=\"elementor-tab-title elementor-tab-mobile-title\" aria-selected=\"true\" data-tab=\"1\" role=\"tab\" tabindex=\"0\" aria-controls=\"elementor-tab-content-7801\" aria-expanded=\"false\">ABOUT US<\/div>\n\t\t\t\t\t<div id=\"elementor-tab-content-7801\" class=\"elementor-tab-content elementor-clearfix\" data-tab=\"1\" role=\"tabpanel\" aria-labelledby=\"elementor-tab-title-7801\" tabindex=\"0\" hidden=\"false\"><p><strong>Portmed Global Logistics<\/strong>, is a reliable and innovative company specializing in international transportation and logistics solutions. Founded in 2023, our company aims to maximize customer satisfaction by combining quality and trust in logistics services. Our mission is to provide fast, reliable and cost-effective logistics solutions to our customers by meeting global transportation needs.<\/p><\/div>\n\t\t\t\t\t\t\t\t\t<div class=\"elementor-tab-title elementor-tab-mobile-title\" aria-selected=\"false\" data-tab=\"2\" role=\"tab\" tabindex=\"-1\" aria-controls=\"elementor-tab-content-7802\" aria-expanded=\"false\">Our Vision<\/div>\n\t\t\t\t\t<div id=\"elementor-tab-content-7802\" class=\"elementor-tab-content elementor-clearfix\" data-tab=\"2\" role=\"tabpanel\" aria-labelledby=\"elementor-tab-title-7802\" tabindex=\"0\" hidden=\"hidden\"><p>At Portmed Global Logistics, we aim to become a global brand in the logistics sector and be recognized as the most reliable partner in international transportation. By embracing technological innovations and the best practices in the industry, we strive to make logistics processes more efficient and effective.<\/p><\/div>\n\t\t\t\t\t\t\t\t\t<div class=\"elementor-tab-title elementor-tab-mobile-title\" aria-selected=\"false\" data-tab=\"3\" role=\"tab\" tabindex=\"-1\" aria-controls=\"elementor-tab-content-7803\" aria-expanded=\"false\">Our Mission<\/div>\n\t\t\t\t\t<div id=\"elementor-tab-content-7803\" class=\"elementor-tab-content elementor-clearfix\" data-tab=\"3\" role=\"tabpanel\" aria-labelledby=\"elementor-tab-title-7803\" tabindex=\"0\" hidden=\"hidden\"><ul><li><strong>Quality<\/strong> To ensure high quality standards at every stage of our logistics services.<\/li><li><strong>Safety<\/strong> To provide service to our customers safely and on time as promised.<\/li><li><strong>Productivity:<\/strong> To provide cost advantage to our customers by managing our logistics operations in the most efficient way.<\/li><\/ul><\/div>\n\t\t\t\t\t\t\t\t\t<div class=\"elementor-tab-title elementor-tab-mobile-title\" aria-selected=\"false\" data-tab=\"4\" role=\"tab\" tabindex=\"-1\" aria-controls=\"elementor-tab-content-7804\" aria-expanded=\"false\">Our Values<\/div>\n\t\t\t\t\t<div id=\"elementor-tab-content-7804\" class=\"elementor-tab-content elementor-clearfix\" data-tab=\"4\" role=\"tabpanel\" aria-labelledby=\"elementor-tab-title-7804\" tabindex=\"0\" hidden=\"hidden\"><ul><li><strong>Customer Focus<\/strong> Understanding our customers' needs and expectations and providing them with the most suitable solutions.<\/li><li><strong>Innovation:<\/strong> Continuously improving logistics processes and developing innovative solutions.<\/li><li><strong>Integrity and Transparency<\/strong> Prioritizing integrity and transparency in our business relationships.<\/li><\/ul><\/div>\n\t\t\t\t\t\t\t\t\t<div class=\"elementor-tab-title elementor-tab-mobile-title\" aria-selected=\"false\" data-tab=\"5\" role=\"tab\" tabindex=\"-1\" aria-controls=\"elementor-tab-content-7805\" aria-expanded=\"false\">Our Services<\/div>\n\t\t\t\t\t<div id=\"elementor-tab-content-7805\" class=\"elementor-tab-content elementor-clearfix\" data-tab=\"5\" role=\"tabpanel\" aria-labelledby=\"elementor-tab-title-7805\" tabindex=\"0\" hidden=\"hidden\"><ul><li><strong>International Transportation:   Comprehensive solutions in road, maritime, air, and rail transportation.<\/strong> Comprehensive solutions in road, sea, air and rail transportation.<\/li><li><strong>Storage and Distribution<\/strong> Secure and efficient storage services combined with fast and reliable distribution solutions.<\/li><li><strong>Customs Services:<\/strong> Customs support for import and export procedures.<\/li><li><strong>Supply Chain Management:<\/strong> Planning and managing supply chain processes.<\/li><\/ul><\/div>\n\t\t\t\t\t\t\t<\/div>\n\t\t<\/div>\n\t\t\t\t\t\t<\/div>\n\t\t\t\t<\/div>\n\t\t\t\t\t<\/div>\n\t\t<\/div>\n\t\t\t\t\t<\/div>\n\t\t<\/section>\n\t\t\t\t<section class=\"elementor-section elementor-top-section elementor-element elementor-element-59bc4c0 elementor-section-boxed elementor-section-height-default elementor-section-height-default\" data-id=\"59bc4c0\" data-element_type=\"section\" data-e-type=\"section\" data-settings=\"{&quot;background_background&quot;:&quot;classic&quot;}\">\n\t\t\t\t\t\t\t<div class=\"elementor-background-overlay\"><\/div>\n\t\t\t\t\t\t\t<div class=\"elementor-container elementor-column-gap-default\">\n\t\t\t\t\t<div class=\"elementor-column elementor-col-100 elementor-top-column elementor-element elementor-element-1c3b66a6\" data-id=\"1c3b66a6\" data-element_type=\"column\" data-e-type=\"column\">\n\t\t\t<div class=\"elementor-widget-wrap elementor-element-populated\">\n\t\t\t\t\t\t<section class=\"elementor-section elementor-inner-section elementor-element elementor-element-45148fe6 elementor-section-full_width elementor-section-height-default elementor-section-height-default\" data-id=\"45148fe6\" data-element_type=\"section\" data-e-type=\"section\">\n\t\t\t\t\t\t<div class=\"elementor-container elementor-column-gap-no\">\n\t\t\t\t\t<div class=\"elementor-column elementor-col-100 elementor-inner-column elementor-element elementor-element-5f9f6803\" data-id=\"5f9f6803\" data-element_type=\"column\" data-e-type=\"column\">\n\t\t\t<div class=\"elementor-widget-wrap elementor-element-populated\">\n\t\t\t\t\t\t<div class=\"elementor-element elementor-element-73d3e5b1 elementor-widget elementor-widget-heading\" data-id=\"73d3e5b1\" data-element_type=\"widget\" data-e-type=\"widget\" data-widget_type=\"heading.default\">\n\t\t\t\t<div class=\"elementor-widget-container\">\n\t\t\t\t\t<h4 class=\"elementor-heading-title elementor-size-default\">Logistics<\/h4>\t\t\t\t<\/div>\n\t\t\t\t<\/div>\n\t\t\t\t<div class=\"elementor-element elementor-element-18187baf sec_title elementor-widget elementor-widget-heading\" data-id=\"18187baf\" data-element_type=\"widget\" data-e-type=\"widget\" data-widget_type=\"heading.default\">\n\t\t\t\t<div class=\"elementor-widget-container\">\n\t\t\t\t\t<h3 class=\"elementor-heading-title elementor-size-default\">Pioneer In <span>Transportation<\/span><\/h3>\t\t\t\t<\/div>\n\t\t\t\t<\/div>\n\t\t\t\t<div class=\"elementor-element elementor-element-1a5f3f99 elementor-widget elementor-widget-text-editor\" data-id=\"1a5f3f99\" data-element_type=\"widget\" data-e-type=\"widget\" data-widget_type=\"text-editor.default\">\n\t\t\t\t<div class=\"elementor-widget-container\">\n\t\t\t\t\t\t\t\t\t<p>D\u00fcnya\u2019n\u0131n Her Co\u011frafyas\u0131na Durmadan Yorulmadan Hizmet G\u00f6t\u00fcr\u00fcyoruz<\/p>\t\t\t\t\t\t\t\t<\/div>\n\t\t\t\t<\/div>\n\t\t\t\t\t<\/div>\n\t\t<\/div>\n\t\t\t\t\t<\/div>\n\t\t<\/section>\n\t\t\t\t<section class=\"elementor-section elementor-inner-section elementor-element elementor-element-5f6c174a elementor-section-full_width elementor-section-height-default elementor-section-height-default\" data-id=\"5f6c174a\" data-element_type=\"section\" data-e-type=\"section\">\n\t\t\t\t\t\t<div class=\"elementor-container elementor-column-gap-no\">\n\t\t\t\t\t<div class=\"elementor-column elementor-col-50 elementor-inner-column elementor-element elementor-element-2044b79 elementor-invisible\" data-id=\"2044b79\" data-element_type=\"column\" data-e-type=\"column\" data-settings=\"{&quot;animation&quot;:&quot;fadeInUp&quot;}\">\n\t\t\t<div class=\"elementor-widget-wrap elementor-element-populated\">\n\t\t\t\t\t\t<div class=\"elementor-element elementor-element-ab8aec0 sec_title elementor-widget elementor-widget-heading\" data-id=\"ab8aec0\" data-element_type=\"widget\" data-e-type=\"widget\" data-widget_type=\"heading.default\">\n\t\t\t\t<div class=\"elementor-widget-container\">\n\t\t\t\t\t<h3 class=\"elementor-heading-title elementor-size-default\">In Our Opinion <br><span>Portmed Global<\/span><\/h3>\t\t\t\t<\/div>\n\t\t\t\t<\/div>\n\t\t\t\t<div class=\"elementor-element elementor-element-ceb6e88 elementor-widget elementor-widget-text-editor\" data-id=\"ceb6e88\" data-element_type=\"widget\" data-e-type=\"widget\" data-widget_type=\"text-editor.default\">\n\t\t\t\t<div class=\"elementor-widget-container\">\n\t\t\t\t\t\t\t\t\t<p>We will work tirelessly to provide the most reliable service by utilizing today's and future technologies in the most effective way.<\/p>\t\t\t\t\t\t\t\t<\/div>\n\t\t\t\t<\/div>\n\t\t\t\t<div class=\"elementor-element elementor-element-0432a4c elementor-widget elementor-widget-heading\" data-id=\"0432a4c\" data-element_type=\"widget\" data-e-type=\"widget\" data-widget_type=\"heading.default\">\n\t\t\t\t<div class=\"elementor-widget-container\">\n\t\t\t\t\t<h2 class=\"elementor-heading-title elementor-size-default\">OUR ACTIVE SERVICES<\/h2>\t\t\t\t<\/div>\n\t\t\t\t<\/div>\n\t\t\t\t<section class=\"elementor-section elementor-inner-section elementor-element elementor-element-671edb5 elementor-section-full_width elementor-section-height-default elementor-section-height-default\" data-id=\"671edb5\" data-element_type=\"section\" data-e-type=\"section\">\n\t\t\t\t\t\t<div class=\"elementor-container elementor-column-gap-no\">\n\t\t\t\t\t<div class=\"elementor-column elementor-col-50 elementor-inner-column elementor-element elementor-element-5900707\" data-id=\"5900707\" data-element_type=\"column\" data-e-type=\"column\">\n\t\t\t<div class=\"elementor-widget-wrap elementor-element-populated\">\n\t\t\t\t\t\t<div class=\"elementor-element elementor-element-f5bbbb9 elementor-view-default elementor-widget elementor-widget-icon\" data-id=\"f5bbbb9\" data-element_type=\"widget\" data-e-type=\"widget\" data-widget_type=\"icon.default\">\n\t\t\t\t<div class=\"elementor-widget-container\">\n\t\t\t\t\t\t\t<div class=\"elementor-icon-wrapper\">\n\t\t\t<div class=\"elementor-icon\">\n\t\t\t<i aria-hidden=\"true\" class=\"flaticon-tick-1\"><\/i>\t\t\t<\/div>\n\t\t<\/div>\n\t\t\t\t\t\t<\/div>\n\t\t\t\t<\/div>\n\t\t\t\t\t<\/div>\n\t\t<\/div>\n\t\t\t\t<div class=\"elementor-column elementor-col-50 elementor-inner-column elementor-element elementor-element-43897bd\" data-id=\"43897bd\" data-element_type=\"column\" data-e-type=\"column\">\n\t\t\t<div class=\"elementor-widget-wrap elementor-element-populated\">\n\t\t\t\t\t\t<div class=\"elementor-element elementor-element-45e44de elementor-widget elementor-widget-heading\" data-id=\"45e44de\" data-element_type=\"widget\" data-e-type=\"widget\" data-widget_type=\"heading.default\">\n\t\t\t\t<div class=\"elementor-widget-container\">\n\t\t\t\t\t<span class=\"elementor-heading-title elementor-size-default\">Road Transportation<\/span>\t\t\t\t<\/div>\n\t\t\t\t<\/div>\n\t\t\t\t\t<\/div>\n\t\t<\/div>\n\t\t\t\t\t<\/div>\n\t\t<\/section>\n\t\t\t\t<section class=\"elementor-section elementor-inner-section elementor-element elementor-element-ef008bd elementor-section-full_width elementor-section-height-default elementor-section-height-default\" data-id=\"ef008bd\" data-element_type=\"section\" data-e-type=\"section\">\n\t\t\t\t\t\t<div class=\"elementor-container elementor-column-gap-no\">\n\t\t\t\t\t<div class=\"elementor-column elementor-col-50 elementor-inner-column elementor-element elementor-element-03b1b55\" data-id=\"03b1b55\" data-element_type=\"column\" data-e-type=\"column\">\n\t\t\t<div class=\"elementor-widget-wrap elementor-element-populated\">\n\t\t\t\t\t\t<div class=\"elementor-element elementor-element-a3f3909 elementor-view-default elementor-widget elementor-widget-icon\" data-id=\"a3f3909\" data-element_type=\"widget\" data-e-type=\"widget\" data-widget_type=\"icon.default\">\n\t\t\t\t<div class=\"elementor-widget-container\">\n\t\t\t\t\t\t\t<div class=\"elementor-icon-wrapper\">\n\t\t\t<div class=\"elementor-icon\">\n\t\t\t<i aria-hidden=\"true\" class=\"flaticon-tick-1\"><\/i>\t\t\t<\/div>\n\t\t<\/div>\n\t\t\t\t\t\t<\/div>\n\t\t\t\t<\/div>\n\t\t\t\t\t<\/div>\n\t\t<\/div>\n\t\t\t\t<div class=\"elementor-column elementor-col-50 elementor-inner-column elementor-element elementor-element-c21548c\" data-id=\"c21548c\" data-element_type=\"column\" data-e-type=\"column\">\n\t\t\t<div class=\"elementor-widget-wrap elementor-element-populated\">\n\t\t\t\t\t\t<div class=\"elementor-element elementor-element-39e642b elementor-widget elementor-widget-heading\" data-id=\"39e642b\" data-element_type=\"widget\" data-e-type=\"widget\" data-widget_type=\"heading.default\">\n\t\t\t\t<div class=\"elementor-widget-container\">\n\t\t\t\t\t<span class=\"elementor-heading-title elementor-size-default\">Air Transportation<\/span>\t\t\t\t<\/div>\n\t\t\t\t<\/div>\n\t\t\t\t\t<\/div>\n\t\t<\/div>\n\t\t\t\t\t<\/div>\n\t\t<\/section>\n\t\t\t\t<section class=\"elementor-section elementor-inner-section elementor-element elementor-element-e8a4082 elementor-section-full_width elementor-section-height-default elementor-section-height-default\" data-id=\"e8a4082\" data-element_type=\"section\" data-e-type=\"section\">\n\t\t\t\t\t\t<div class=\"elementor-container elementor-column-gap-no\">\n\t\t\t\t\t<div class=\"elementor-column elementor-col-50 elementor-inner-column elementor-element elementor-element-211af5e\" data-id=\"211af5e\" data-element_type=\"column\" data-e-type=\"column\">\n\t\t\t<div class=\"elementor-widget-wrap elementor-element-populated\">\n\t\t\t\t\t\t<div class=\"elementor-element elementor-element-19e16ba elementor-view-default elementor-widget elementor-widget-icon\" data-id=\"19e16ba\" data-element_type=\"widget\" data-e-type=\"widget\" data-widget_type=\"icon.default\">\n\t\t\t\t<div class=\"elementor-widget-container\">\n\t\t\t\t\t\t\t<div class=\"elementor-icon-wrapper\">\n\t\t\t<div class=\"elementor-icon\">\n\t\t\t<i aria-hidden=\"true\" class=\"flaticon-tick-1\"><\/i>\t\t\t<\/div>\n\t\t<\/div>\n\t\t\t\t\t\t<\/div>\n\t\t\t\t<\/div>\n\t\t\t\t\t<\/div>\n\t\t<\/div>\n\t\t\t\t<div class=\"elementor-column elementor-col-50 elementor-inner-column elementor-element elementor-element-478c04f\" data-id=\"478c04f\" data-element_type=\"column\" data-e-type=\"column\">\n\t\t\t<div class=\"elementor-widget-wrap elementor-element-populated\">\n\t\t\t\t\t\t<div class=\"elementor-element elementor-element-3509aad elementor-widget elementor-widget-heading\" data-id=\"3509aad\" data-element_type=\"widget\" data-e-type=\"widget\" data-widget_type=\"heading.default\">\n\t\t\t\t<div class=\"elementor-widget-container\">\n\t\t\t\t\t<span class=\"elementor-heading-title elementor-size-default\">Sea Transportation<\/span>\t\t\t\t<\/div>\n\t\t\t\t<\/div>\n\t\t\t\t\t<\/div>\n\t\t<\/div>\n\t\t\t\t\t<\/div>\n\t\t<\/section>\n\t\t\t\t\t<\/div>\n\t\t<\/div>\n\t\t\t\t<div class=\"elementor-column elementor-col-50 elementor-inner-column elementor-element elementor-element-bb54d01\" data-id=\"bb54d01\" data-element_type=\"column\" data-e-type=\"column\">\n\t\t\t<div class=\"elementor-widget-wrap elementor-element-populated\">\n\t\t\t\t\t\t<div class=\"elementor-element elementor-element-674d71e elementor-invisible elementor-widget elementor-widget-image\" data-id=\"674d71e\" data-element_type=\"widget\" data-e-type=\"widget\" data-settings=\"{&quot;_animation&quot;:&quot;fadeInUp&quot;}\" data-widget_type=\"image.default\">\n\t\t\t\t<div class=\"elementor-widget-container\">\n\t\t\t\t\t\t\t\t\t\t\t\t\t\t\t<img decoding=\"async\" width=\"600\" height=\"600\" src=\"https:\/\/portmedglobal.com\/wp-content\/uploads\/2023\/01\/Rectangle-80.jpg\" class=\"attachment-full size-full wp-image-4307\" alt=\"\" srcset=\"https:\/\/portmedglobal.com\/wp-content\/uploads\/2023\/01\/Rectangle-80.jpg 600w, https:\/\/portmedglobal.com\/wp-content\/uploads\/2023\/01\/Rectangle-80-300x300.jpg 300w, https:\/\/portmedglobal.com\/wp-content\/uploads\/2023\/01\/Rectangle-80-150x150.jpg 150w\" sizes=\"(max-width: 600px) 100vw, 600px\" \/>\t\t\t\t\t\t\t\t\t\t\t\t\t\t\t<\/div>\n\t\t\t\t<\/div>\n\t\t\t\t\t<\/div>\n\t\t<\/div>\n\t\t\t\t\t<\/div>\n\t\t<\/section>\n\t\t\t\t\t<\/div>\n\t\t<\/div>\n\t\t\t\t\t<\/div>\n\t\t<\/section>\n\t\t\t\t<\/div>","protected":false},"excerpt":{"rendered":"<p>Hakk\u0131m\u0131zda Vizyonumuz Misyonumuz De\u011ferlerimiz Hizmetlerimiz Hakk\u0131m\u0131zda Portmed Global Lojistik, uluslararas\u0131 ta\u015f\u0131mac\u0131l\u0131k ve lojistik \u00e7\u00f6z\u00fcmlerinde uzmanla\u015fm\u0131\u015f, g\u00fcvenilir ve yenilik\u00e7i bir \u015firkettir. 2023 y\u0131l\u0131nda kurulan firmam\u0131z, lojistik hizmetlerinde kalite ve g\u00fcveni bir araya getirerek m\u00fc\u015fteri memnuniyetini en \u00fcst d\u00fczeye \u00e7\u0131karmay\u0131 hedeflemektedir. Misyonumuz, global ta\u015f\u0131mac\u0131l\u0131k ihtiya\u00e7lar\u0131n\u0131 kar\u015f\u0131layarak, m\u00fc\u015fterilerimize h\u0131zl\u0131, g\u00fcvenilir ve maliyet etkin lojistik \u00e7\u00f6z\u00fcmler sunmakt\u0131r. Vizyonumuz Portmed [&hellip;]<\/p>\n","protected":false},"author":1,"featured_media":0,"parent":0,"menu_order":0,"comment_status":"closed","ping_status":"closed","template":"","meta":{"footnotes":""},"class_list":["post-8356","page","type-page","status-publish","hentry"],"rttpg_featured_image_url":null,"rttpg_author":{"display_name":"admin","author_link":"https:\/\/portmedglobal.com\/en\/author\/admin\/"},"rttpg_comment":0,"rttpg_category":null,"rttpg_excerpt":"Hakk\u0131m\u0131zda Vizyonumuz Misyonumuz De\u011ferlerimiz Hizmetlerimiz Hakk\u0131m\u0131zda Portmed Global Lojistik, uluslararas\u0131 ta\u015f\u0131mac\u0131l\u0131k ve lojistik \u00e7\u00f6z\u00fcmlerinde uzmanla\u015fm\u0131\u015f, g\u00fcvenilir ve yenilik\u00e7i bir \u015firkettir. 2023 y\u0131l\u0131nda kurulan firmam\u0131z, lojistik hizmetlerinde kalite ve g\u00fcveni bir araya getirerek m\u00fc\u015fteri memnuniyetini en \u00fcst d\u00fczeye \u00e7\u0131karmay\u0131 hedeflemektedir. Misyonumuz, global ta\u015f\u0131mac\u0131l\u0131k ihtiya\u00e7lar\u0131n\u0131 kar\u015f\u0131layarak, m\u00fc\u015fterilerimize h\u0131zl\u0131, g\u00fcvenilir ve maliyet etkin lojistik \u00e7\u00f6z\u00fcmler sunmakt\u0131r. Vizyonumuz Portmed&hellip;","_links":{"self":[{"href":"https:\/\/portmedglobal.com\/en\/wp-json\/wp\/v2\/pages\/8356","targetHints":{"allow":["GET"]}}],"collection":[{"href":"https:\/\/portmedglobal.com\/en\/wp-json\/wp\/v2\/pages"}],"about":[{"href":"https:\/\/portmedglobal.com\/en\/wp-json\/wp\/v2\/types\/page"}],"author":[{"embeddable":true,"href":"https:\/\/portmedglobal.com\/en\/wp-json\/wp\/v2\/users\/1"}],"replies":[{"embeddable":true,"href":"https:\/\/portmedglobal.com\/en\/wp-json\/wp\/v2\/comments?post=8356"}],"version-history":[{"count":83,"href":"https:\/\/portmedglobal.com\/en\/wp-json\/wp\/v2\/pages\/8356\/revisions"}],"predecessor-version":[{"id":9764,"href":"https:\/\/portmedglobal.com\/en\/wp-json\/wp\/v2\/pages\/8356\/revisions\/9764"}],"wp:attachment":[{"href":"https:\/\/portmedglobal.com\/en\/wp-json\/wp\/v2\/media?parent=8356"}],"curies":[{"name":"wp","href":"https:\/\/api.w.org\/{rel}","templated":true}]}}