{"id":8865,"date":"2024-07-24T01:47:54","date_gmt":"2024-07-24T01:47:54","guid":{"rendered":"https:\/\/portmedglobal.com\/?page_id=8865"},"modified":"2024-09-06T10:47:49","modified_gmt":"2024-09-06T10:47:49","slug":"blog-2","status":"publish","type":"page","link":"https:\/\/portmedglobal.com\/en\/blog-2\/","title":{"rendered":"BLOG"},"content":{"rendered":"<div data-elementor-type=\"wp-page\" data-elementor-id=\"8865\" class=\"elementor elementor-8865\">\n\t\t\t\t\t\t<section class=\"elementor-section elementor-top-section elementor-element elementor-element-10ee5e45 elementor-section-boxed elementor-section-height-default elementor-section-height-default\" data-id=\"10ee5e45\" data-element_type=\"section\" data-e-type=\"section\" data-settings=\"{&quot;background_background&quot;:&quot;classic&quot;}\">\n\t\t\t\t\t\t<div class=\"elementor-container elementor-column-gap-default\">\n\t\t\t\t\t<div class=\"elementor-column elementor-col-100 elementor-top-column elementor-element elementor-element-26c1af06\" data-id=\"26c1af06\" data-element_type=\"column\" data-e-type=\"column\">\n\t\t\t<div class=\"elementor-widget-wrap elementor-element-populated\">\n\t\t\t\t\t\t<div class=\"elementor-element elementor-element-2091210 meta-visibility-show section-title-style-style1 title_position_default title_hover_border_default title-default meta_position_default tpg-category-position-default readmore-btn-default-style tpg-el-box-border-enable tpg-border-bottom-disable elementor-widget elementor-widget-tpg-list-layout\" data-id=\"2091210\" data-element_type=\"widget\" data-e-type=\"widget\" data-widget_type=\"tpg-list-layout.default\">\n\t\t\t\t<div class=\"elementor-widget-container\">\n\t\t\t\t\t\n        <div class=\"rt-container-fluid rt-tpg-container tpg-el-main-wrapper list-layout1-main\"\n             data-sc-id=\"elementor\"\n             id=\"rt-tpg-container-3919599379\"\n             data-layout=\"list-layout1\"\n             data-grid-style=\"tpg-even\"\n             data-el-settings=''\n             data-el-query=''\n             data-el-path=''\n        >\n\t\t\t            <div class='tpg-header-wrapper'>\n\t\t\t\t\n        <div class=\"tpg-widget-heading-wrapper rt-clear heading-style1\">\n            <span class=\"tpg-widget-heading-line line-left\"><\/span>\n            <h2 class='tpg-widget-heading'>\n            \n                                    <span>\n\t\t\t\t\t\tSection Title\t\t\t\t\t<\/span>\n                    \n                            <\/h2>            <span class=\"tpg-widget-heading-line line-right\"><\/span>\n\n            \n        <\/div>\n\n        \n                    <\/div>\n\n            <div data-title=\"Loading ...\" class=\"rt-row rt-content-loader list-layout1 tpg-even list-behaviour list-layout-wrapper\">\n\t\t\t\t\n<div class=\"rt-col-md-12 rt-col-sm-12 rt-col-xs-12 default rt-list-item rt-grid-item\" data-id=\"9057\">\n\t<div class=\"rt-holder tpg-post-holder\">\n\t\t<div class=\"rt-detail rt-el-content-wrapper\">\n\t\t\t\n\t\t\t<div class=\"post-right-content\">\n\t\t\t\t<div class=\"entry-title-wrapper\"><h3 class=\"entry-title\"><a data-id=\"9057\" href=\"https:\/\/portmedglobal.com\/en\/havayolu-tasimaciligi-portmed-global-lojistik-ile-hizli-ve-guvenilir-tasimacilik\/\" class=\"tpg-post-link\" target=\"_self\">Air Transportation: Fast and Reliable Transport with Portmed Global Logistics<\/a><\/h3><\/div>\n\t\t\t\t\t\t\t\t\t<div class=\"post-meta-tags rt-el-post-meta\">\n\t\t\t\t\t\t            <span class='date'>\n\t\t\t\t<i class='far fa-calendar-alt'><\/i>                                    <a href=\"https:\/\/portmedglobal.com\/en\/2024\/07\/29\/\">\n\t\t\t\t\tJuly 29, 2024\t\t\t\t<\/a>\n                \t\t\t<\/span>\n                        <span class='categories-links'>\n\t\t\t\t<i class='fas fa-folder-open'><\/i><a class=\"uncategorized\" href=\"https:\/\/portmedglobal.com\/en\/category\/uncategorized\/\">Uncategorized<\/a>\t\t\t<\/span>\n            \t\t\t\t\t<\/div>\n\t\t\t\t\n\t\t\t\t\t\t\t\t\t<div class=\"tpg-excerpt tpg-el-excerpt\">\n\t\t\t\t\t\t\t\t\t\t\t\t\t<div class=\"tpg-excerpt-inner\">\n\t\t\t\t\t\t\t\tIn the modern trade world, speed, efficiency, and reliability are among the most important factors\t\t\t\t\t\t\t<\/div>\n\t\t\t\t\t\t\t\t\t\t\t\t\t\t\t\t\t<\/div>\n\t\t\t\t\n\t\t\t\t        <div class=\"post-footer\">\n            <div class=\"post-footer\">\n                <div class=\"read-more\">\n                    <a data-id=\"9057\" href=\"https:\/\/portmedglobal.com\/en\/havayolu-tasimaciligi-portmed-global-lojistik-ile-hizli-ve-guvenilir-tasimacilik\/\" class=\"tpg-post-link\" target=\"_self\">Read More<i aria-hidden=\"true\" class=\"right-icon far fa-arrow-alt-circle-right\"><\/i><\/a>                <\/div>\n            <\/div>\n        <\/div>\n        \t\t\t<\/div>\n\t\t<\/div>\n\t<\/div>\n<\/div>\n\n<div class=\"rt-col-md-12 rt-col-sm-12 rt-col-xs-12 default rt-list-item rt-grid-item\" data-id=\"9054\">\n\t<div class=\"rt-holder tpg-post-holder\">\n\t\t<div class=\"rt-detail rt-el-content-wrapper\">\n\t\t\t\n\t\t\t<div class=\"post-right-content\">\n\t\t\t\t<div class=\"entry-title-wrapper\"><h3 class=\"entry-title\"><a data-id=\"9054\" href=\"https:\/\/portmedglobal.com\/en\/deniz-yolu-tasimaciligi-portmed-global-lojistik-ile-kuresel-ticaretin-kapilarini-aralayin\/\" class=\"tpg-post-link\" target=\"_self\">Maritime Transportation: Open the Doors to Global Trade with Portmed Global Logistics<\/a><\/h3><\/div>\n\t\t\t\t\t\t\t\t\t<div class=\"post-meta-tags rt-el-post-meta\">\n\t\t\t\t\t\t            <span class='date'>\n\t\t\t\t<i class='far fa-calendar-alt'><\/i>                                    <a href=\"https:\/\/portmedglobal.com\/en\/2024\/07\/29\/\">\n\t\t\t\t\tJuly 29, 2024\t\t\t\t<\/a>\n                \t\t\t<\/span>\n                        <span class='categories-links'>\n\t\t\t\t<i class='fas fa-folder-open'><\/i><a class=\"uncategorized\" href=\"https:\/\/portmedglobal.com\/en\/category\/uncategorized\/\">Uncategorized<\/a>\t\t\t<\/span>\n            \t\t\t\t\t<\/div>\n\t\t\t\t\n\t\t\t\t\t\t\t\t\t<div class=\"tpg-excerpt tpg-el-excerpt\">\n\t\t\t\t\t\t\t\t\t\t\t\t\t<div class=\"tpg-excerpt-inner\">\n\t\t\t\t\t\t\t\tUnlock Global Trade with Portmed Global Logistics\t\t\t\t\t\t\t<\/div>\n\t\t\t\t\t\t\t\t\t\t\t\t\t\t\t\t\t<\/div>\n\t\t\t\t\n\t\t\t\t        <div class=\"post-footer\">\n            <div class=\"post-footer\">\n                <div class=\"read-more\">\n                    <a data-id=\"9054\" href=\"https:\/\/portmedglobal.com\/en\/deniz-yolu-tasimaciligi-portmed-global-lojistik-ile-kuresel-ticaretin-kapilarini-aralayin\/\" class=\"tpg-post-link\" target=\"_self\">Read More<i aria-hidden=\"true\" class=\"right-icon far fa-arrow-alt-circle-right\"><\/i><\/a>                <\/div>\n            <\/div>\n        <\/div>\n        \t\t\t<\/div>\n\t\t<\/div>\n\t<\/div>\n<\/div>\n\n<div class=\"rt-col-md-12 rt-col-sm-12 rt-col-xs-12 default rt-list-item rt-grid-item\" data-id=\"9040\">\n\t<div class=\"rt-holder tpg-post-holder\">\n\t\t<div class=\"rt-detail rt-el-content-wrapper\">\n\t\t\t\n\t\t\t<div class=\"post-right-content\">\n\t\t\t\t<div class=\"entry-title-wrapper\"><h3 class=\"entry-title\"><a data-id=\"9040\" href=\"https:\/\/portmedglobal.com\/en\/karayolu-tasimaciligi-portmed-global-lojistik-ile-yukleriniz-guvende\/\" class=\"tpg-post-link\" target=\"_self\">Road Transportation: Keep Your Cargo Safe with Portmed Global Logistics<\/a><\/h3><\/div>\n\t\t\t\t\t\t\t\t\t<div class=\"post-meta-tags rt-el-post-meta\">\n\t\t\t\t\t\t            <span class='date'>\n\t\t\t\t<i class='far fa-calendar-alt'><\/i>                                    <a href=\"https:\/\/portmedglobal.com\/en\/2024\/07\/29\/\">\n\t\t\t\t\tJuly 29, 2024\t\t\t\t<\/a>\n                \t\t\t<\/span>\n                        <span class='categories-links'>\n\t\t\t\t<i class='fas fa-folder-open'><\/i><a class=\"karayolu-tasimaciligi-alani\" href=\"https:\/\/portmedglobal.com\/en\/category\/karayolu-tasimaciligi-alani\/\">Road Transportation Sector<\/a><span class=\"rt-separator\">,<\/span><a class=\"uncategorized\" href=\"https:\/\/portmedglobal.com\/en\/category\/uncategorized\/\">Uncategorized<\/a>\t\t\t<\/span>\n            \t\t\t\t\t<\/div>\n\t\t\t\t\n\t\t\t\t\t\t\t\t\t<div class=\"tpg-excerpt tpg-el-excerpt\">\n\t\t\t\t\t\t\t\t\t\t\t\t\t<div class=\"tpg-excerpt-inner\">\n\t\t\t\t\t\t\t\tThe logistics sector is the backbone of trade and industry, and road transportation is one of its most crucial components.\t\t\t\t\t\t\t<\/div>\n\t\t\t\t\t\t\t\t\t\t\t\t\t\t\t\t\t<\/div>\n\t\t\t\t\n\t\t\t\t        <div class=\"post-footer\">\n            <div class=\"post-footer\">\n                <div class=\"read-more\">\n                    <a data-id=\"9040\" href=\"https:\/\/portmedglobal.com\/en\/karayolu-tasimaciligi-portmed-global-lojistik-ile-yukleriniz-guvende\/\" class=\"tpg-post-link\" target=\"_self\">Read More<i aria-hidden=\"true\" class=\"right-icon far fa-arrow-alt-circle-right\"><\/i><\/a>                <\/div>\n            <\/div>\n        <\/div>\n        \t\t\t<\/div>\n\t\t<\/div>\n\t<\/div>\n<\/div>\n            <\/div>\n\n\t\t\t\n        <\/div>\n\t\t\t\t\t\t<\/div>\n\t\t\t\t<\/div>\n\t\t\t\t\t<\/div>\n\t\t<\/div>\n\t\t\t\t\t<\/div>\n\t\t<\/section>\n\t\t\t\t<section class=\"elementor-section elementor-top-section elementor-element elementor-element-f88ae5a elementor-section-boxed elementor-section-height-default elementor-section-height-default\" data-id=\"f88ae5a\" data-element_type=\"section\" data-e-type=\"section\">\n\t\t\t\t\t\t<div class=\"elementor-container elementor-column-gap-default\">\n\t\t\t\t\t<div class=\"elementor-column elementor-col-100 elementor-top-column elementor-element elementor-element-9974c0f\" data-id=\"9974c0f\" data-element_type=\"column\" data-e-type=\"column\">\n\t\t\t<div class=\"elementor-widget-wrap elementor-element-populated\">\n\t\t\t\t\t\t\t<\/div>\n\t\t<\/div>\n\t\t\t\t\t<\/div>\n\t\t<\/section>\n\t\t\t\t<\/div>","protected":false},"excerpt":{"rendered":"<p>Section Title Havayolu Ta\u015f\u0131mac\u0131l\u0131\u011f\u0131: Portmed Global Lojistik ile H\u0131zl\u0131 ve G\u00fcvenilir Ta\u015f\u0131mac\u0131l\u0131k Temmuz 29, 2024 Uncategorized Modern ticaret d\u00fcnyas\u0131nda h\u0131z, etkinlik ve g\u00fcvenilirlik en \u00f6nemli unsurlar aras\u0131nda yer al\u0131r\u2026 Devam\u0131n\u0131 Okuyun Deniz Yolu Ta\u015f\u0131mac\u0131l\u0131\u011f\u0131: Portmed Global Lojistik ile K\u00fcresel Ticaretin Kap\u0131lar\u0131n\u0131 Aralay\u0131n Temmuz 29, 2024 Uncategorized D\u00fcnya ticaretinin b\u00fcy\u00fck bir k\u0131sm\u0131 deniz yolu ile ger\u00e7ekle\u015ftirilmektedir. [&hellip;]<\/p>\n","protected":false},"author":1,"featured_media":0,"parent":0,"menu_order":0,"comment_status":"closed","ping_status":"closed","template":"","meta":{"footnotes":""},"class_list":["post-8865","page","type-page","status-publish","hentry"],"rttpg_featured_image_url":null,"rttpg_author":{"display_name":"admin","author_link":"https:\/\/portmedglobal.com\/en\/author\/admin\/"},"rttpg_comment":0,"rttpg_category":"","rttpg_excerpt":"Section Title Havayolu Ta\u015f\u0131mac\u0131l\u0131\u011f\u0131: Portmed Global Lojistik ile H\u0131zl\u0131 ve G\u00fcvenilir Ta\u015f\u0131mac\u0131l\u0131k Temmuz 29, 2024 Uncategorized Modern ticaret d\u00fcnyas\u0131nda h\u0131z, etkinlik ve g\u00fcvenilirlik en \u00f6nemli unsurlar aras\u0131nda yer al\u0131r\u2026 Devam\u0131n\u0131 Okuyun Deniz Yolu Ta\u015f\u0131mac\u0131l\u0131\u011f\u0131: Portmed Global Lojistik ile K\u00fcresel Ticaretin Kap\u0131lar\u0131n\u0131 Aralay\u0131n Temmuz 29, 2024 Uncategorized D\u00fcnya ticaretinin b\u00fcy\u00fck bir k\u0131sm\u0131 deniz yolu ile ger\u00e7ekle\u015ftirilmektedir.&hellip;","_links":{"self":[{"href":"https:\/\/portmedglobal.com\/en\/wp-json\/wp\/v2\/pages\/8865","targetHints":{"allow":["GET"]}}],"collection":[{"href":"https:\/\/portmedglobal.com\/en\/wp-json\/wp\/v2\/pages"}],"about":[{"href":"https:\/\/portmedglobal.com\/en\/wp-json\/wp\/v2\/types\/page"}],"author":[{"embeddable":true,"href":"https:\/\/portmedglobal.com\/en\/wp-json\/wp\/v2\/users\/1"}],"replies":[{"embeddable":true,"href":"https:\/\/portmedglobal.com\/en\/wp-json\/wp\/v2\/comments?post=8865"}],"version-history":[{"count":46,"href":"https:\/\/portmedglobal.com\/en\/wp-json\/wp\/v2\/pages\/8865\/revisions"}],"predecessor-version":[{"id":9478,"href":"https:\/\/portmedglobal.com\/en\/wp-json\/wp\/v2\/pages\/8865\/revisions\/9478"}],"wp:attachment":[{"href":"https:\/\/portmedglobal.com\/en\/wp-json\/wp\/v2\/media?parent=8865"}],"curies":[{"name":"wp","href":"https:\/\/api.w.org\/{rel}","templated":true}]}}